{"id":1086,"date":"2026-03-17T19:10:54","date_gmt":"2026-03-17T19:10:54","guid":{"rendered":"https:\/\/lacombelsc.com\/?page_id=1086"},"modified":"2026-03-17T19:51:40","modified_gmt":"2026-03-17T19:51:40","slug":"mariage-exterieur-parfait-a-ottawa","status":"publish","type":"page","link":"https:\/\/lacombelsc.com\/fr\/mariage-exterieur-parfait-a-ottawa\/","title":{"rendered":"Mariage ext\u00e9rieur parfait \u00e0 Ottawa"},"content":{"rendered":"<p>[et_pb_section fb_built=\u00a0\u00bb1&Prime; admin_label=\u00a0\u00bbsection\u00a0\u00bb _builder_version=\u00a0\u00bb4.27.6&Prime; background_color=\u00a0\u00bbRGBA(255,255,255,0)\u00a0\u00bb background_image=\u00a0\u00bbhttps:\/\/lacombelsc.com\/wp-content\/uploads\/2026\/03\/Ottawa-Wedding-Show.jpg\u00a0\u00bb background_blend=\u00a0\u00bbsoft-light\u00a0\u00bb custom_padding=\u00a0\u00bb||10px||false|false\u00a0\u00bb hover_enabled=\u00a0\u00bb0&Prime; global_colors_info=\u00a0\u00bb{}\u00a0\u00bb title_text=\u00a0\u00bbOttawa Wedding Show\u00a0\u00bb sticky_enabled=\u00a0\u00bb0&Prime;][et_pb_row _builder_version=\u00a0\u00bb4.22.1&Prime; _module_preset=\u00a0\u00bbdefault\u00a0\u00bb global_colors_info=\u00a0\u00bb{}\u00a0\u00bb][et_pb_column type=\u00a0\u00bb4_4&Prime; _builder_version=\u00a0\u00bb4.22.1&Prime; _module_preset=\u00a0\u00bbdefault\u00a0\u00bb global_colors_info=\u00a0\u00bb{}\u00a0\u00bb][et_pb_text _builder_version=\u00a0\u00bb4.27.6&Prime; _module_preset=\u00a0\u00bbdefault\u00a0\u00bb header_font=\u00a0\u00bbaqua grotesque||||||||\u00a0\u00bb header_text_color=\u00a0\u00bb#FFFFFF\u00a0\u00bb header_font_size=\u00a0\u00bb77px\u00a0\u00bb header_letter_spacing=\u00a0\u00bb-6px\u00a0\u00bb custom_margin=\u00a0\u00bb||||false|false\u00a0\u00bb custom_padding=\u00a0\u00bb101px||0px||false|false\u00a0\u00bb hover_enabled=\u00a0\u00bb0&Prime; global_colors_info=\u00a0\u00bb{}\u00a0\u00bb sticky_enabled=\u00a0\u00bb0&Prime;]<\/p>\n<h1><span>Mariage ext\u00e9rieur parfait \u00e0 Ottawa<\/span><\/h1>\n<p>[\/et_pb_text][\/et_pb_column][\/et_pb_row][\/et_pb_section][et_pb_section fb_built=\u00a0\u00bb1&Prime; _builder_version=\u00a0\u00bb4.22.1&Prime; _module_preset=\u00a0\u00bbdefault\u00a0\u00bb global_colors_info=\u00a0\u00bb{}\u00a0\u00bb][et_pb_row admin_label=\u00a0\u00bbrow\u00a0\u00bb _builder_version=\u00a0\u00bb4.27.6&Prime; background_size=\u00a0\u00bbinitial\u00a0\u00bb background_position=\u00a0\u00bbtop_left\u00a0\u00bb background_repeat=\u00a0\u00bbrepeat\u00a0\u00bb hover_enabled=\u00a0\u00bb0&Prime; global_colors_info=\u00a0\u00bb{}\u00a0\u00bb sticky_enabled=\u00a0\u00bb0&Prime;][et_pb_column type=\u00a0\u00bb4_4&Prime; _builder_version=\u00a0\u00bb4.16&Prime; custom_padding=\u00a0\u00bb|||\u00a0\u00bb global_colors_info=\u00a0\u00bb{}\u00a0\u00bb custom_padding__hover=\u00a0\u00bb|||\u00a0\u00bb][et_pb_text admin_label=\u00a0\u00bbText\u00a0\u00bb _builder_version=\u00a0\u00bb4.27.6&Prime; background_size=\u00a0\u00bbinitial\u00a0\u00bb background_position=\u00a0\u00bbtop_left\u00a0\u00bb background_repeat=\u00a0\u00bbrepeat\u00a0\u00bb hover_enabled=\u00a0\u00bb0&Prime; global_colors_info=\u00a0\u00bb{}\u00a0\u00bb sticky_enabled=\u00a0\u00bb0&Prime;]<\/p>\n<p>Vous r\u00eavez du <strong>mariage ext\u00e9rieur parfait \u00e0 Ottawa<\/strong>? \ud83d\udc8d\ud83c\udf3f <\/p>\n<p>Nous faisons tirer des <strong>billets GRATUITS pour le Salon du mariage d\u2019Ottawa<\/strong> afin que vous puissiez rencontrer des fournisseurs incroyables, d\u00e9couvrir de l\u2019inspiration pour un mariage en plein air et commencer \u00e0 planifier votre grand jour!<\/p>\n<p>Indiquez-nous quels sont vos besoins en <strong>sanitaires portables<\/strong> pour le mariage de vos r\u00eaves en remplissant le formulaire ci-dessous.<\/p>\n<p>Un couple chanceux ou un planificateur de mariage gagnera <strong>2 billets gratuits<\/strong> pour le salon. Le gagnant sera contact\u00e9 <strong>le jeudi 26 mars \u00e0 10 h (HE)<\/strong> par courriel.<\/p>\n<p>Nos <strong>remorques sanitaires, toilettes portables et stations de lavage des mains<\/strong> sont id\u00e9ales pour les couples qui planifient un <strong>mariage dans un jardin, au bord d\u2019un lac, sur une ferme ou dans une cour arri\u00e8re<\/strong>.<\/p>\n<p>[\/et_pb_text][et_pb_text admin_label=\u00a0\u00bbText\u00a0\u00bb _builder_version=\u00a0\u00bb4.27.6&Prime; background_size=\u00a0\u00bbinitial\u00a0\u00bb background_position=\u00a0\u00bbtop_left\u00a0\u00bb background_repeat=\u00a0\u00bbrepeat\u00a0\u00bb hover_enabled=\u00a0\u00bb0&Prime; global_colors_info=\u00a0\u00bb{}\u00a0\u00bb sticky_enabled=\u00a0\u00bb0&Prime;]<script src=\"https:\/\/js.hsforms.net\/forms\/embed\/46445616.js\" defer><\/script><\/p>\n<div class=\"hs-form-frame\" data-region=\"na1\" data-form-id=\"6c49cc53-3ddb-49de-8425-036ad92ff253\" data-portal-id=\"46445616\"><\/div>\n<p>[\/et_pb_text][et_pb_text _builder_version=\u00a0\u00bb4.27.6&Prime; _module_preset=\u00a0\u00bbdefault\u00a0\u00bb custom_padding=\u00a0\u00bb3px|||||\u00a0\u00bb hover_enabled=\u00a0\u00bb0&Prime; global_colors_info=\u00a0\u00bb{}\u00a0\u00bb sticky_enabled=\u00a0\u00bb0&Prime;]<\/p>\n<h2>R\u00e8glements du concours<\/h2>\n<p><strong>Admissibilit\u00e9<\/strong><br \/>Ouvert aux r\u00e9sidents de <strong>l\u2019Ontario ou du Qu\u00e9bec (Canada)<\/strong> \u00e2g\u00e9s de <strong>18 ans ou plus au moment de l\u2019inscription<\/strong>.<\/p>\n<p><strong>Comment participer<\/strong><br \/>Remplissez le formulaire de participation au concours entre le <strong>17 mars 2026<\/strong> et le <strong>jeudi 26 mars 2026 \u00e0 14 h 59 (HE)<\/strong>.<\/p>\n<p><strong>Prix<\/strong><br \/>Deux (2) billets pour le <strong>Salon du mariage d\u2019Ottawa<\/strong>. <br \/> Valeur au d\u00e9tail approximative\u202f: <strong>40 $ CAD<\/strong>.<\/p>\n<p><strong>S\u00e9lection du gagnant<\/strong><br \/>Un tirage au sort aura lieu le <strong>jeudi 26 mars 2026 \u00e0 15 h (HE)<\/strong> parmi toutes les inscriptions admissibles. Le gagnant sera avis\u00e9 au plus tard <strong>le jeudi 26 mars 2026 \u00e0 17 h (HE)<\/strong> et devra r\u00e9pondre \u00e0 une <strong>question d\u2019habilet\u00e9 math\u00e9matique<\/strong>.  <br \/>\nLe gagnant devra fournir la bonne r\u00e9ponse <strong>au plus tard le vendredi 27 mars \u00e0 15 h (HE)<\/strong>.<\/p>\n<p><strong>Question d\u2019habilet\u00e9<\/strong><br \/>Le participant s\u00e9lectionn\u00e9 devra r\u00e9pondre correctement \u00e0 une <strong>question math\u00e9matique chronom\u00e9tr\u00e9e<\/strong> afin d\u2019\u00eatre confirm\u00e9 comme gagnant, conform\u00e9ment aux lois canadiennes sur les concours.<\/p>\n<p><strong>Aucun achat requis<\/strong><br \/>Aucun achat n\u2019est requis pour participer ou gagner.<\/p>\n<p><strong>Chances de gagner<\/strong><br \/>Les chances de gagner d\u00e9pendent du nombre total de participations admissibles re\u00e7ues.<\/p>\n<p><strong>Consentement marketing (LCAP)<\/strong><br \/>En participant, vous acceptez de recevoir des conseils de planification de mariage, des promotions et des mises \u00e0 jour de <strong>Total Sanitation Service<\/strong> et de ses soci\u00e9t\u00e9s affili\u00e9es, y compris, sans s\u2019y limiter, <strong>Lacombe LSC Sanitation<\/strong>, par t\u00e9l\u00e9phone et\/ou par courriel. Vous pouvez vous d\u00e9sabonner en tout temps.<\/p>\n<p><strong>Avis de non-responsabilit\u00e9<\/strong><br \/>Ce concours n\u2019est pas commandit\u00e9, approuv\u00e9, administr\u00e9 ni associ\u00e9 \u00e0 <strong>Facebook, Instagram, Twitter, TikTok et\/ou LinkedIn<\/strong>.\n<\/p>\n<p>[\/et_pb_text][\/et_pb_column][\/et_pb_row][\/et_pb_section]<\/p>\n","protected":false},"excerpt":{"rendered":"<p>Mariage ext\u00e9rieur parfait \u00e0 OttawaVous r\u00eavez du mariage ext\u00e9rieur parfait \u00e0 Ottawa? \ud83d\udc8d\ud83c\udf3f Nous faisons tirer des billets GRATUITS pour le Salon du mariage d\u2019Ottawa afin que vous puissiez rencontrer des fournisseurs incroyables, d\u00e9couvrir de l\u2019inspiration pour un mariage en plein air et commencer \u00e0 planifier votre grand jour! Indiquez-nous quels sont vos besoins en [&hellip;]<\/p>\n","protected":false},"author":4,"featured_media":0,"parent":0,"menu_order":0,"comment_status":"closed","ping_status":"closed","template":"","meta":{"_et_pb_use_builder":"on","_et_pb_old_content":"","_et_gb_content_width":"","content-type":"","footnotes":""},"class_list":["post-1086","page","type-page","status-publish","hentry"],"featured_image_src":null,"featured_image_src_square":null,"_links":{"self":[{"href":"https:\/\/lacombelsc.com\/fr\/wp-json\/wp\/v2\/pages\/1086","targetHints":{"allow":["GET"]}}],"collection":[{"href":"https:\/\/lacombelsc.com\/fr\/wp-json\/wp\/v2\/pages"}],"about":[{"href":"https:\/\/lacombelsc.com\/fr\/wp-json\/wp\/v2\/types\/page"}],"author":[{"embeddable":true,"href":"https:\/\/lacombelsc.com\/fr\/wp-json\/wp\/v2\/users\/4"}],"replies":[{"embeddable":true,"href":"https:\/\/lacombelsc.com\/fr\/wp-json\/wp\/v2\/comments?post=1086"}],"version-history":[{"count":0,"href":"https:\/\/lacombelsc.com\/fr\/wp-json\/wp\/v2\/pages\/1086\/revisions"}],"wp:attachment":[{"href":"https:\/\/lacombelsc.com\/fr\/wp-json\/wp\/v2\/media?parent=1086"}],"curies":[{"name":"wp","href":"https:\/\/api.w.org\/{rel}","templated":true}]}}