{"id":593,"date":"2023-07-26T21:48:27","date_gmt":"2023-07-26T21:48:27","guid":{"rendered":"https:\/\/lacombelsc.wpenginepowered.com\/vidange-de-fosse-septique\/"},"modified":"2023-10-24T13:46:50","modified_gmt":"2023-10-24T13:46:50","slug":"vidange-de-fosse-septique","status":"publish","type":"page","link":"https:\/\/lacombelsc.com\/fr\/vidange-de-fosse-septique\/","title":{"rendered":"Vidange de fosse septique"},"content":{"rendered":"<p>[et_pb_section fb_built=\u00a0\u00bb1&Prime; _builder_version=\u00a0\u00bb4.22.1&Prime; _module_preset=\u00a0\u00bbdefault\u00a0\u00bb global_colors_info=\u00a0\u00bb{}\u00a0\u00bb][et_pb_row _builder_version=\u00a0\u00bb4.22.1&Prime; _module_preset=\u00a0\u00bbdefault\u00a0\u00bb global_colors_info=\u00a0\u00bb{}\u00a0\u00bb][et_pb_column type=\u00a0\u00bb4_4&Prime; _builder_version=\u00a0\u00bb4.22.1&Prime; _module_preset=\u00a0\u00bbdefault\u00a0\u00bb global_colors_info=\u00a0\u00bb{}\u00a0\u00bb][et_pb_heading title=\u00a0\u00bbVidange de fosse septique\u00a0\u00bb _builder_version=\u00a0\u00bb4.22.1&Prime; _module_preset=\u00a0\u00bbdefault\u00a0\u00bb title_font=\u00a0\u00bb||||on||||\u00a0\u00bb title_text_align=\u00a0\u00bbcenter\u00a0\u00bb title_text_color=\u00a0\u00bb#3774c3&Prime; title_font_size=\u00a0\u00bb40px\u00a0\u00bb global_colors_info=\u00a0\u00bb{}\u00a0\u00bb][\/et_pb_heading][\/et_pb_column][\/et_pb_row][et_pb_row column_structure=\u00a0\u00bb1_2,1_2&Prime; _builder_version=\u00a0\u00bb4.22.1&Prime; _module_preset=\u00a0\u00bbdefault\u00a0\u00bb vertical_offset=\u00a0\u00bb0px\u00a0\u00bb horizontal_offset=\u00a0\u00bb0px\u00a0\u00bb module_alignment=\u00a0\u00bbcenter\u00a0\u00bb custom_margin=\u00a0\u00bb|auto||413px||\u00a0\u00bb global_colors_info=\u00a0\u00bb{}\u00a0\u00bb][et_pb_column type=\u00a0\u00bb1_2&Prime; _builder_version=\u00a0\u00bb4.22.1&Prime; _module_preset=\u00a0\u00bbdefault\u00a0\u00bb global_colors_info=\u00a0\u00bb{}\u00a0\u00bb][et_pb_text _builder_version=\u00a0\u00bb4.22.1&Prime; _module_preset=\u00a0\u00bbdefault\u00a0\u00bb global_colors_info=\u00a0\u00bb{}\u00a0\u00bb]<\/p>\n<p>Les fosses septiques doivent \u00eatre vidang\u00e9es en moyenne tous les 2 \u00e0 3 ans, qu\u2019elles soient pleines ou non : avec le temps, les solides qui se d\u00e9posent au fond de la fosse peuvent se compacter et causer des probl\u00e8mes d\u2019entretien qui, \u00e0 leur tour, peuvent augmenter les co\u00fbts.<\/p>\n<p>Nous fournissons des services de pompage de fosses septiques et de bacs \u00e0 eaux us\u00e9es aux clients de la r\u00e9gion d\u2019Ottawa et des r\u00e9gions avoisinantes. Si vous vous demandez si nous desservons votre r\u00e9gion, veuillez communiquer avec nous et nous nous ferons un plaisir de vous aider!<\/p>\n<p>Quelques \u00e9l\u00e9ments \u00e0 prendre en compte<\/p>\n<p>[\/et_pb_text][et_pb_text _builder_version=\u00a0\u00bb4.22.1&Prime; _module_preset=\u00a0\u00bbdefault\u00a0\u00bb global_colors_info=\u00a0\u00bb{}\u00a0\u00bb]<\/p>\n<p>Les r\u00e9servoirs doivent \u00eatre d\u00e9couverts avant l\u2019entretien.<\/p>\n<p>Les r\u00e9servoirs doivent \u00e9galement \u00eatre accessibles \u00e0 nos camions.<\/p>\n<p>Si le r\u00e9servoir n\u2019est pas situ\u00e9 pr\u00e8s d\u2019une zone pav\u00e9e, le technicien doit pouvoir rouler sur l\u2019herbe.<\/p>\n<p>[\/et_pb_text][et_pb_button button_text=\u00a0\u00bbDemande de devis &#8211; Vidange de fosse septique\u00a0\u00bb _builder_version=\u00a0\u00bb4.23&Prime; _module_preset=\u00a0\u00bbdefault\u00a0\u00bb button_url=\u00a0\u00bbhttps:\/\/lacombelsc.com\/fr\/demande-de-devis-vidange-de-fosse-septique\/\u00a0\u00bb hover_enabled=\u00a0\u00bb0&Prime; sticky_enabled=\u00a0\u00bb0&Prime;][\/et_pb_button][\/et_pb_column][et_pb_column type=\u00a0\u00bb1_2&Prime; _builder_version=\u00a0\u00bb4.22.1&Prime; _module_preset=\u00a0\u00bbdefault\u00a0\u00bb global_colors_info=\u00a0\u00bb{}\u00a0\u00bb][et_pb_image src=\u00a0\u00bbhttps:\/\/lacombelsc.com\/wp-content\/uploads\/2023\/08\/Central-San-septic-cleaning-services1.jpg\u00a0\u00bb alt=\u00a0\u00bbfosses septiques\u00a0\u00bb title_text=\u00a0\u00bbCentral-San-septic-cleaning-services1&Prime; _builder_version=\u00a0\u00bb4.22.1&Prime; _module_preset=\u00a0\u00bbdefault\u00a0\u00bb global_colors_info=\u00a0\u00bb{}\u00a0\u00bb][\/et_pb_image][et_pb_image src=\u00a0\u00bbhttps:\/\/lacombelsc.com\/wp-content\/uploads\/2023\/09\/Septic-Truck3-1024&#215;768.jpg\u00a0\u00bb title_text=\u00a0\u00bbSeptic Truck3&Prime; _builder_version=\u00a0\u00bb4.22.1&Prime; _module_preset=\u00a0\u00bbdefault\u00a0\u00bb global_colors_info=\u00a0\u00bb{}\u00a0\u00bb][\/et_pb_image][\/et_pb_column][\/et_pb_row][\/et_pb_section]<\/p>\n","protected":false},"excerpt":{"rendered":"<p>Les fosses septiques doivent \u00eatre vidang\u00e9es en moyenne tous les 2 \u00e0 3 ans, qu\u2019elles soient pleines ou non : avec le temps, les solides qui se d\u00e9posent au fond de la fosse peuvent se compacter et causer des probl\u00e8mes d\u2019entretien qui, \u00e0 leur tour, peuvent augmenter les co\u00fbts. Nous fournissons des services de pompage [&hellip;]<\/p>\n","protected":false},"author":2,"featured_media":0,"parent":0,"menu_order":0,"comment_status":"closed","ping_status":"closed","template":"","meta":{"_et_pb_use_builder":"on","_et_pb_old_content":"","_et_gb_content_width":"","content-type":"","footnotes":""},"class_list":["post-593","page","type-page","status-publish","hentry"],"featured_image_src":null,"featured_image_src_square":null,"_links":{"self":[{"href":"https:\/\/lacombelsc.com\/fr\/wp-json\/wp\/v2\/pages\/593","targetHints":{"allow":["GET"]}}],"collection":[{"href":"https:\/\/lacombelsc.com\/fr\/wp-json\/wp\/v2\/pages"}],"about":[{"href":"https:\/\/lacombelsc.com\/fr\/wp-json\/wp\/v2\/types\/page"}],"author":[{"embeddable":true,"href":"https:\/\/lacombelsc.com\/fr\/wp-json\/wp\/v2\/users\/2"}],"replies":[{"embeddable":true,"href":"https:\/\/lacombelsc.com\/fr\/wp-json\/wp\/v2\/comments?post=593"}],"version-history":[{"count":0,"href":"https:\/\/lacombelsc.com\/fr\/wp-json\/wp\/v2\/pages\/593\/revisions"}],"wp:attachment":[{"href":"https:\/\/lacombelsc.com\/fr\/wp-json\/wp\/v2\/media?parent=593"}],"curies":[{"name":"wp","href":"https:\/\/api.w.org\/{rel}","templated":true}]}}