{"id":604,"date":"2023-09-08T14:45:38","date_gmt":"2023-09-08T14:45:38","guid":{"rendered":"https:\/\/lacombelsc.wpenginepowered.com\/conseils-pour-les-evenements-speciaux\/"},"modified":"2023-09-21T11:28:31","modified_gmt":"2023-09-21T11:28:31","slug":"conseils-pour-les-evenements-speciaux","status":"publish","type":"page","link":"https:\/\/lacombelsc.com\/fr\/conseils-pour-les-evenements-speciaux\/","title":{"rendered":"CONSEILS POUR LES \u00c9V\u00c9NEMENTS SP\u00c9CIAUX"},"content":{"rendered":"<p>[et_pb_section fb_built=\u00a0\u00bb1&Prime; admin_label=\u00a0\u00bbsection\u00a0\u00bb _builder_version=\u00a0\u00bb4.16&Prime; global_colors_info=\u00a0\u00bb{}\u00a0\u00bb][et_pb_row _builder_version=\u00a0\u00bb4.22.1&Prime; _module_preset=\u00a0\u00bbdefault\u00a0\u00bb global_colors_info=\u00a0\u00bb{}\u00a0\u00bb][et_pb_column type=\u00a0\u00bb4_4&Prime; _builder_version=\u00a0\u00bb4.22.1&Prime; _module_preset=\u00a0\u00bbdefault\u00a0\u00bb global_colors_info=\u00a0\u00bb{}\u00a0\u00bb][et_pb_heading title=\u00a0\u00bbEST-CE QUE J\u2019AI BESOIN DE TOILETTES MOBILES?\u00a0\u00bb _builder_version=\u00a0\u00bb4.22.1&Prime; _module_preset=\u00a0\u00bbdefault\u00a0\u00bb title_level=\u00a0\u00bbh3&Prime; title_text_color=\u00a0\u00bb#3774c3&Prime; global_colors_info=\u00a0\u00bb{}\u00a0\u00bb][\/et_pb_heading][et_pb_accordion _builder_version=\u00a0\u00bb4.22.1&Prime; _module_preset=\u00a0\u00bbdefault\u00a0\u00bb global_colors_info=\u00a0\u00bb{}\u00a0\u00bb][et_pb_accordion_item title=\u00a0\u00bbEst-ce que de la nourriture ou de l\u2019alcool sera servi?\u00a0\u00bb open=\u00a0\u00bbon\u00a0\u00bb _builder_version=\u00a0\u00bb4.22.1&Prime; _module_preset=\u00a0\u00bbdefault\u00a0\u00bb global_colors_info=\u00a0\u00bb{}\u00a0\u00bb]<\/p>\n<p><span>Si de la nourriture ou de l\u2019alcool sont servis, l\u2019utilisation des toilettes augmente de fa\u00e7on exponentielle. Si la plupart des gens reconnaissent ce besoin, la n\u00e9cessit\u00e9 d\u2019installations pour se laver les mains est souvent n\u00e9glig\u00e9e, mais est tout aussi importante.<\/span><\/p>\n<p>[\/et_pb_accordion_item][et_pb_accordion_item title=\u00a0\u00bbDes toilettes permanentes sont-elles disponibles et facilement accessibles?\u00a0\u00bb _builder_version=\u00a0\u00bb4.22.1&Prime; _module_preset=\u00a0\u00bbdefault\u00a0\u00bb global_colors_info=\u00a0\u00bb{}\u00a0\u00bb open=\u00a0\u00bboff\u00a0\u00bb]<\/p>\n<p><span>Il est important de savoir si les installations existantes sont ad\u00e9quates en mati\u00e8re de capacit\u00e9 et d\u2019accessibilit\u00e9. Si l\u2019\u00e9v\u00e9nement est d\u2019une grande envergure et se d\u00e9roule en plein air, l\u2019acc\u00e8s aux toilettes doit \u00eatre clairement indiqu\u00e9. De m\u00eame, elles doivent \u00eatre ais\u00e9ment accessibles, faciles d\u2019utilisation et en nombre suffisant pour la quantit\u00e9 d\u2019invit\u00e9s. Si l\u2019\u00e9v\u00e9nement a lieu dans une r\u00e9sidence priv\u00e9e, il faut prendre en compte que l\u2019utilisation de ces installations entra\u00eenera davantage de circulation.<\/span><\/p>\n<p>[\/et_pb_accordion_item][et_pb_accordion_item title=\u00a0\u00bbLes toilettes permanentes sont-elles desservies par une fosse septique?\u00a0\u00bb _builder_version=\u00a0\u00bb4.22.1&Prime; _module_preset=\u00a0\u00bbdefault\u00a0\u00bb global_colors_info=\u00a0\u00bb{}\u00a0\u00bb open=\u00a0\u00bboff\u00a0\u00bb]<\/p>\n<p><span>Lorsqu\u2019on s\u2019attend \u00e0 une augmentation importante de l\u2019utilisation d\u2019une fosse septique, il est recommand\u00e9 d\u2019avoir recours \u00e0 des toilettes mobiles afin d\u2019\u00e9viter tout type de situation inattendue.<\/span><\/p>\n<p>[\/et_pb_accordion_item][et_pb_accordion_item title=\u00a0\u00bbEst-ce que des invit\u00e9s ayant des besoins particuliers ou de jeunes enfants seront pr\u00e9sents?\u00a0\u00bb _builder_version=\u00a0\u00bb4.22.1&Prime; _module_preset=\u00a0\u00bbdefault\u00a0\u00bb global_colors_info=\u00a0\u00bb{}\u00a0\u00bb open=\u00a0\u00bboff\u00a0\u00bb]<\/p>\n<p>Les personnes ayant des besoins particuliers et les parents accompagn\u00e9s d\u2019enfants b\u00e9n\u00e9ficieront du confort d\u2019unit\u00e9s plus spacieuses.<\/p>\n<p>Nous pouvons vous aider \u00e0 planifier n\u2019importe quel type d\u2019\u00e9v\u00e9nement et vous fournir des solutions pour toutes les exigences sp\u00e9cifiques que vous pourriez avoir.<\/p>\n<p>[\/et_pb_accordion_item][\/et_pb_accordion][\/et_pb_column][\/et_pb_row][et_pb_row column_structure=\u00a0\u00bb1_2,1_2&Prime; _builder_version=\u00a0\u00bb4.22.1&Prime; _module_preset=\u00a0\u00bbdefault\u00a0\u00bb global_colors_info=\u00a0\u00bb{}\u00a0\u00bb][et_pb_column type=\u00a0\u00bb1_2&Prime; _builder_version=\u00a0\u00bb4.22.1&Prime; _module_preset=\u00a0\u00bbdefault\u00a0\u00bb global_colors_info=\u00a0\u00bb{}\u00a0\u00bb][et_pb_heading title=\u00a0\u00bbCONSID\u00c9RATIONS RELATIVES \u00c0 L\u2019EMPLACEMENT DES TOILETTES\u00a0\u00bb _builder_version=\u00a0\u00bb4.22.1&Prime; _module_preset=\u00a0\u00bbdefault\u00a0\u00bb title_level=\u00a0\u00bbh3&Prime; title_text_color=\u00a0\u00bb#3774c3&Prime; global_colors_info=\u00a0\u00bb{}\u00a0\u00bb][\/et_pb_heading][et_pb_text _builder_version=\u00a0\u00bb4.22.1&Prime; _module_preset=\u00a0\u00bbdefault\u00a0\u00bb global_colors_info=\u00a0\u00bb{}\u00a0\u00bb]<\/p>\n<p>Lorsque vous planifiez l\u2019emplacement de vos toilettes mobiles, il est important de tenir compte des \u00e9l\u00e9ments suivants\u00a0:<\/p>\n<p>Localisation\u00a0: Le site doit \u00eatre facile d\u2019acc\u00e8s pour qu\u2019un camion puisse livrer les toilettes. Le terrain doit \u00eatre plat et sec afin que le camion ne s\u2019enlise pas et que les toilettes ne s\u2019enfoncent pas et restent stables. Si le sol est satur\u00e9 d\u2019eau, il pourrait \u00eatre pr\u00e9f\u00e9rable de placer les toilettes mobiles dans la voie d\u2019acc\u00e8s ou dans la rue.<\/p>\n<p>\u00a0Emplacement\u00a0: Consid\u00e9rez avec attention \u00e0 la taille de l\u2019unit\u00e9 que vous avez choisie, en ajoutant un peu d\u2019espace pour vous assurer que l\u2019emplacement choisi peut la recevoir. Si vous avez choisi une remorque sanitaire, visualisez ce qui se trouvera sur le site au moment o\u00f9 elle sera livr\u00e9e et man\u0153uvr\u00e9e par un camion afin que l\u2019espace soit adapt\u00e9. Prenez soin de discuter de toutes les contraintes possibles avec votre charg\u00e9 de projet. N\u2019omettez aucun d\u00e9tail qui pourrait avoir une incidence sur le bon d\u00e9roulement de l\u2019installation.<\/p>\n<p>Entretien\u00a0: Les v\u00e9hicules de service doivent avoir acc\u00e8s au site et pouvoir man\u0153uvrer aussi pr\u00e8s que possible des unit\u00e9s pour effectuer l\u2019entretien*.<\/p>\n<p>*Remarque\u00a0: le pompage des unit\u00e9s produit du bruit et des odeurs qui pourraient incommoder vos invit\u00e9s. L\u2019entretien doit \u00eatre planifi\u00e9 en cons\u00e9quence.<\/p>\n<p>[\/et_pb_text][\/et_pb_column][et_pb_column type=\u00a0\u00bb1_2&Prime; _builder_version=\u00a0\u00bb4.22.1&Prime; _module_preset=\u00a0\u00bbdefault\u00a0\u00bb global_colors_info=\u00a0\u00bb{}\u00a0\u00bb][et_pb_image src=\u00a0\u00bbhttps:\/\/lacombelsc.com\/wp-content\/uploads\/2023\/08\/Homepage-product-2.png\u00a0\u00bb title_text=\u00a0\u00bbHomepage product 2&Prime; show_in_lightbox=\u00a0\u00bbon\u00a0\u00bb _builder_version=\u00a0\u00bb4.22.1&Prime; _module_preset=\u00a0\u00bbdefault\u00a0\u00bb global_colors_info=\u00a0\u00bb{}\u00a0\u00bb][\/et_pb_image][\/et_pb_column][\/et_pb_row][et_pb_row _builder_version=\u00a0\u00bb4.22.1&Prime; _module_preset=\u00a0\u00bbdefault\u00a0\u00bb global_colors_info=\u00a0\u00bb{}\u00a0\u00bb][et_pb_column type=\u00a0\u00bb4_4&Prime; _builder_version=\u00a0\u00bb4.22.1&Prime; _module_preset=\u00a0\u00bbdefault\u00a0\u00bb global_colors_info=\u00a0\u00bb{}\u00a0\u00bb][et_pb_heading title=\u00a0\u00bbCONSEILS DE D\u00c9CORATION ET DE STYLE POUR VOS TOILETTES MOBILES\u00a0\u00bb _builder_version=\u00a0\u00bb4.22.1&Prime; _module_preset=\u00a0\u00bbdefault\u00a0\u00bb title_level=\u00a0\u00bbh3&Prime; title_text_color=\u00a0\u00bb#3774c3&Prime; global_colors_info=\u00a0\u00bb{}\u00a0\u00bb][\/et_pb_heading][et_pb_text _builder_version=\u00a0\u00bb4.22.1&Prime; _module_preset=\u00a0\u00bbdefault\u00a0\u00bb global_colors_info=\u00a0\u00bb{}\u00a0\u00bb]<\/p>\n<p>Lors du choix de vos toilettes mobiles, gardez en t\u00eate le style et le d\u00e9cor de votre \u00e9v\u00e9nement. Si la plupart de nos unit\u00e9s sont plut\u00f4t neutres, certains ajouts personnalis\u00e9s pourraient am\u00e9liorer l\u2019ambiance de votre \u00e9v\u00e9nement.<\/p>\n<p>Pour un mariage, vous pouvez offrir \u00e0 vos invit\u00e9s un panier-cadeau d\u2019articles de toilette d\u00e9cor\u00e9 d\u2019un ruban assorti aux couleurs de votre mariage.<\/p>\n<p>Placez une petite composition florale \u00e0 l\u2019int\u00e9rieur des toilettes pour une allure haut de gamme.<\/p>\n<p>Les pots-pourris et les sachets parfum\u00e9s d\u00e9gagent un l\u00e9ger parfum et \u00e9veillent les sens.<\/p>\n<p>Un am\u00e9nagement de pots de jardin plac\u00e9 \u00e0 l\u2019ext\u00e9rieur des toilettes peut aider \u00e0 guider les invit\u00e9s et \u00e0 dissimuler tout \u00e9l\u00e9ment ext\u00e9rieur ind\u00e9sirable.<\/p>\n<p>[\/et_pb_text][\/et_pb_column][\/et_pb_row][et_pb_row column_structure=\u00a0\u00bb1_2,1_2&Prime; _builder_version=\u00a0\u00bb4.22.1&Prime; _module_preset=\u00a0\u00bbdefault\u00a0\u00bb global_colors_info=\u00a0\u00bb{}\u00a0\u00bb][et_pb_column type=\u00a0\u00bb1_2&Prime; _builder_version=\u00a0\u00bb4.22.1&Prime; _module_preset=\u00a0\u00bbdefault\u00a0\u00bb global_colors_info=\u00a0\u00bb{}\u00a0\u00bb][et_pb_heading title=\u00a0\u00bbDE COMBIEN DE TOILETTES MOBILES AI-JE BESOIN?\u00a0\u00bb _builder_version=\u00a0\u00bb4.22.1&Prime; _module_preset=\u00a0\u00bbdefault\u00a0\u00bb title_level=\u00a0\u00bbh3&Prime; title_text_color=\u00a0\u00bb#3774c3&Prime; hover_enabled=\u00a0\u00bb0&Prime; global_colors_info=\u00a0\u00bb{}\u00a0\u00bb sticky_enabled=\u00a0\u00bb0&Prime;][\/et_pb_heading][et_pb_text _builder_version=\u00a0\u00bb4.22.1&Prime; _module_preset=\u00a0\u00bbdefault\u00a0\u00bb global_colors_info=\u00a0\u00bb{}\u00a0\u00bb]<\/p>\n<p><span>De nombreux facteurs doivent \u00eatre pris en compte pour d\u00e9terminer le nombre d\u2019unit\u00e9s n\u00e9cessaires. Ce tableau donne une estimation bas\u00e9e sur un ratio \u00e9quivalent d\u2019hommes et de femmes, sans entretien pr\u00e9vu pendant l\u2019\u00e9v\u00e9nement.<\/span><\/p>\n<p>[\/et_pb_text][et_pb_image src=\u00a0\u00bbhttps:\/\/lacombelsc.com\/wp-content\/uploads\/2023\/09\/DE-COMBIEN-DE-TOILETTES-MOBILES-AI-JE-BESOIN.jpg\u00a0\u00bb title_text=\u00a0\u00bbDE COMBIEN DE TOILETTES MOBILES AI-JE BESOIN\u00a0\u00bb show_in_lightbox=\u00a0\u00bbon\u00a0\u00bb _builder_version=\u00a0\u00bb4.22.1&Prime; _module_preset=\u00a0\u00bbdefault\u00a0\u00bb hover_enabled=\u00a0\u00bb0&Prime; global_colors_info=\u00a0\u00bb{}\u00a0\u00bb sticky_enabled=\u00a0\u00bb0&Prime;][\/et_pb_image][\/et_pb_column][et_pb_column type=\u00a0\u00bb1_2&Prime; _builder_version=\u00a0\u00bb4.22.1&Prime; _module_preset=\u00a0\u00bbdefault\u00a0\u00bb global_colors_info=\u00a0\u00bb{}\u00a0\u00bb][et_pb_text _builder_version=\u00a0\u00bb4.22.1&Prime; _module_preset=\u00a0\u00bbdefault\u00a0\u00bb global_colors_info=\u00a0\u00bb{}\u00a0\u00bb]<\/p>\n<p><strong>GARDEZ LES \u00c9L\u00c9MENTS SUIVANTS EN T\u00caTE\u00a0:<\/strong><\/p>\n<ul>\n<li>En moyenne, une toilette chimique a une capacit\u00e9 de 400 utilisations.<\/li>\n<li>Une personne moyenne utilise les toilettes toutes les 2 \u00e0 3 heures.<\/li>\n<li>L\u2019achalandage des toilettes est rarement stable. Certains \u00e9v\u00e9nements ont des p\u00e9riodes de pointe, par exemple pendant l\u2019entracte ou apr\u00e8s le repas. Un nombre suffisant d\u2019unit\u00e9s doit \u00eatre pr\u00e9vu en cons\u00e9quence.<\/li>\n<li>Les hommes mettent deux fois moins de temps que les femmes pour aller aux toilettes. Ainsi, il devrait y avoir un ratio de trois toilettes pour femmes pour deux toilettes pour hommes.<\/li>\n<li>Placer les \u00e9viers \u00e0 l\u2019ext\u00e9rieur des toilettes est un excellent moyen de r\u00e9duire les files d\u2019attente.<\/li>\n<li>Veillez \u00e0 ce qu\u2019un nombre suffisant de poubelles soit disponible, sinon les d\u00e9chets risquent de se retrouver dans les unit\u00e9s elles-m\u00eames.<\/li>\n<\/ul>\n<p><strong>QUESTIONS IMPORTANTES\u00a0:<\/strong><\/p>\n<ul>\n<li>De combien d\u2019unit\u00e9s ai-je besoin?<\/li>\n<li>Ai-je besoin d\u2019unit\u00e9s de luxe?<\/li>\n<li>Ai-je besoin d\u2019unit\u00e9s accessibles aux fauteuils roulants?<\/li>\n<li>Les unit\u00e9s peuvent-elles \u00eatre livr\u00e9es quelques jours avant et r\u00e9cup\u00e9r\u00e9es quelques jours apr\u00e8s l\u2019\u00e9v\u00e9nement?<\/li>\n<li>Ai-je besoin d\u2019un \u00e9vier pour la pr\u00e9paration alimentaire?<\/li>\n<li>Pour les remorques sanitaires, ai-je les branchements \u00e9lectriques n\u00e9cessaires?<\/li>\n<li>Le terrain est-il nivel\u00e9?<\/li>\n<li>Faut-il assurer l\u2019entretien des unit\u00e9s pendant l\u2019\u00e9v\u00e9nement?<\/li>\n<\/ul>\n<p>[\/et_pb_text][\/et_pb_column][\/et_pb_row][\/et_pb_section]<\/p>\n","protected":false},"excerpt":{"rendered":"<p>Si de la nourriture ou de l\u2019alcool sont servis, l\u2019utilisation des toilettes augmente de fa\u00e7on exponentielle. Si la plupart des gens reconnaissent ce besoin, la n\u00e9cessit\u00e9 d\u2019installations pour se laver les mains est souvent n\u00e9glig\u00e9e, mais est tout aussi importante.Il est important de savoir si les installations existantes sont ad\u00e9quates en mati\u00e8re de capacit\u00e9 et [&hellip;]<\/p>\n","protected":false},"author":4,"featured_media":0,"parent":0,"menu_order":0,"comment_status":"closed","ping_status":"closed","template":"","meta":{"_et_pb_use_builder":"on","_et_pb_old_content":"","_et_gb_content_width":"","content-type":"","footnotes":""},"class_list":["post-604","page","type-page","status-publish","hentry"],"featured_image_src":null,"featured_image_src_square":null,"_links":{"self":[{"href":"https:\/\/lacombelsc.com\/fr\/wp-json\/wp\/v2\/pages\/604","targetHints":{"allow":["GET"]}}],"collection":[{"href":"https:\/\/lacombelsc.com\/fr\/wp-json\/wp\/v2\/pages"}],"about":[{"href":"https:\/\/lacombelsc.com\/fr\/wp-json\/wp\/v2\/types\/page"}],"author":[{"embeddable":true,"href":"https:\/\/lacombelsc.com\/fr\/wp-json\/wp\/v2\/users\/4"}],"replies":[{"embeddable":true,"href":"https:\/\/lacombelsc.com\/fr\/wp-json\/wp\/v2\/comments?post=604"}],"version-history":[{"count":0,"href":"https:\/\/lacombelsc.com\/fr\/wp-json\/wp\/v2\/pages\/604\/revisions"}],"wp:attachment":[{"href":"https:\/\/lacombelsc.com\/fr\/wp-json\/wp\/v2\/media?parent=604"}],"curies":[{"name":"wp","href":"https:\/\/api.w.org\/{rel}","templated":true}]}}