{"id":620,"date":"2023-09-05T15:30:57","date_gmt":"2023-09-05T15:30:57","guid":{"rendered":"https:\/\/lacombelsc.wpenginepowered.com\/nos-produits\/construction-seasonal\/extended-regulation\/"},"modified":"2026-02-12T15:08:01","modified_gmt":"2026-02-12T15:08:01","slug":"extended-regulation","status":"publish","type":"page","link":"https:\/\/lacombelsc.com\/fr\/nos-produits\/construction-saisonnier\/extended-regulation\/","title":{"rendered":"Extended Regulation"},"content":{"rendered":"<p>[et_pb_section fb_built=\u00a0\u00bb1&Prime; _builder_version=\u00a0\u00bb4.22.1&Prime; _module_preset=\u00a0\u00bbdefault\u00a0\u00bb global_colors_info=\u00a0\u00bb{}\u00a0\u00bb][et_pb_row _builder_version=\u00a0\u00bb4.22.1&Prime; _module_preset=\u00a0\u00bbdefault\u00a0\u00bb global_colors_info=\u00a0\u00bb{}\u00a0\u00bb][et_pb_column type=\u00a0\u00bb4_4&Prime; _builder_version=\u00a0\u00bb4.22.1&Prime; _module_preset=\u00a0\u00bbdefault\u00a0\u00bb global_colors_info=\u00a0\u00bb{}\u00a0\u00bb][et_pb_heading title=\u00a0\u00bbToilette r\u00e9glementaire Extended \u00e0 chasse d\u2019eau avec lavabo\u00a0\u00bb _builder_version=\u00a0\u00bb4.27.5&Prime; _module_preset=\u00a0\u00bbdefault\u00a0\u00bb title_text_align=\u00a0\u00bbcenter\u00a0\u00bb title_text_color=\u00a0\u00bb#3774c3&Prime; title_font_size=\u00a0\u00bb40px\u00a0\u00bb hover_enabled=\u00a0\u00bb0&Prime; global_colors_info=\u00a0\u00bb{}\u00a0\u00bb sticky_enabled=\u00a0\u00bb0&Prime;][\/et_pb_heading][et_pb_heading title=\u00a0\u00bb\u00ab\u2009Elle r\u00e9pond aux normes du minist\u00e8re du Travail de l\u2019Ontario tout en offrant davantage de confort aux utilisateurs.\u2009\u00bb\u00a0\u00bb _builder_version=\u00a0\u00bb4.22.1&Prime; _module_preset=\u00a0\u00bbdefault\u00a0\u00bb title_text_align=\u00a0\u00bbcenter\u00a0\u00bb global_colors_info=\u00a0\u00bb{}\u00a0\u00bb][\/et_pb_heading][\/et_pb_column][\/et_pb_row][et_pb_row column_structure=\u00a0\u00bb1_2,1_2&Prime; _builder_version=\u00a0\u00bb4.22.1&Prime; _module_preset=\u00a0\u00bbdefault\u00a0\u00bb global_colors_info=\u00a0\u00bb{}\u00a0\u00bb][et_pb_column type=\u00a0\u00bb1_2&Prime; _builder_version=\u00a0\u00bb4.22.1&Prime; _module_preset=\u00a0\u00bbdefault\u00a0\u00bb global_colors_info=\u00a0\u00bb{}\u00a0\u00bb][et_pb_text _builder_version=\u00a0\u00bb4.22.1&Prime; _module_preset=\u00a0\u00bbdefault\u00a0\u00bb global_colors_info=\u00a0\u00bb{}\u00a0\u00bb]<\/p>\n<p>L\u2019unit\u00e9 r\u00e9guli\u00e8re \u00e9largie est plus de 30\u00a0% plus grande que l\u2019unit\u00e9 r\u00e9guli\u00e8re standard et est construite selon les m\u00eames normes. Elle conserve les m\u00eames syst\u00e8mes de chasse d\u2019eau et de lavage des mains que l\u2019unit\u00e9 r\u00e9guli\u00e8re, tout en \u00e9tant beaucoup plus spacieuse. Les syst\u00e8mes de chasse d\u2019eau et de lavage des mains sont actionn\u00e9es par le pied ou \u00e0 l\u2019aide d\u2019une pompe afin de maintenir un niveau d\u2019hygi\u00e8ne \u00e9lev\u00e9.<\/p>\n<p>L\u2019entretien est effectu\u00e9 sur le site par nos techniciens qualifi\u00e9s et comprend le nettoyage des toilettes, la vidange des eaux us\u00e9es et le r\u00e9approvisionnement en produits sanitaires si n\u00e9cessaire. Nous proposons des intervalles d\u2019entretien flexibles qui s\u2019adaptent \u00e0 votre horaire, qu\u2019ils soient quotidiens, hebdomadaires, mensuels ou autre. Nos techniciens documentent toutes leurs interventions pour que vous puissiez en prendre connaissance \u00e0 votre convenance.<\/p>\n<p>[\/et_pb_text][\/et_pb_column][et_pb_column type=\u00a0\u00bb1_2&Prime; _builder_version=\u00a0\u00bb4.22.1&Prime; _module_preset=\u00a0\u00bbdefault\u00a0\u00bb global_colors_info=\u00a0\u00bb{}\u00a0\u00bb][et_pb_image src=\u00a0\u00bbhttps:\/\/lacombelsc.com\/wp-content\/uploads\/2023\/09\/ComfortXL.jpg\u00a0\u00bb title_text=\u00a0\u00bbComfort+XL\u00a0\u00bb align=\u00a0\u00bbcenter\u00a0\u00bb _builder_version=\u00a0\u00bb4.22.1&Prime; _module_preset=\u00a0\u00bbdefault\u00a0\u00bb global_colors_info=\u00a0\u00bb{}\u00a0\u00bb][\/et_pb_image][\/et_pb_column][\/et_pb_row][et_pb_row _builder_version=\u00a0\u00bb4.22.1&Prime; _module_preset=\u00a0\u00bbdefault\u00a0\u00bb global_colors_info=\u00a0\u00bb{}\u00a0\u00bb][et_pb_column type=\u00a0\u00bb4_4&Prime; _builder_version=\u00a0\u00bb4.22.1&Prime; _module_preset=\u00a0\u00bbdefault\u00a0\u00bb global_colors_info=\u00a0\u00bb{}\u00a0\u00bb][et_pb_gallery gallery_ids=\u00a0\u00bb476,477&Prime; gallery_orderby=\u00a0\u00bbrand\u00a0\u00bb orientation=\u00a0\u00bbportrait\u00a0\u00bb show_title_and_caption=\u00a0\u00bboff\u00a0\u00bb show_pagination=\u00a0\u00bboff\u00a0\u00bb _builder_version=\u00a0\u00bb4.22.1&Prime; _module_preset=\u00a0\u00bbdefault\u00a0\u00bb border_radii_image=\u00a0\u00bbon|5px|5px|5px|5px\u00a0\u00bb global_colors_info=\u00a0\u00bb{}\u00a0\u00bb][\/et_pb_gallery][\/et_pb_column][\/et_pb_row][et_pb_row column_structure=\u00a0\u00bb1_2,1_2&Prime; _builder_version=\u00a0\u00bb4.22.1&Prime; _module_preset=\u00a0\u00bbdefault\u00a0\u00bb global_colors_info=\u00a0\u00bb{}\u00a0\u00bb][et_pb_column type=\u00a0\u00bb1_2&Prime; _builder_version=\u00a0\u00bb4.22.1&Prime; _module_preset=\u00a0\u00bbdefault\u00a0\u00bb global_colors_info=\u00a0\u00bb{}\u00a0\u00bb][et_pb_text _builder_version=\u00a0\u00bb4.22.1&Prime; _module_preset=\u00a0\u00bbdefault\u00a0\u00bb global_colors_info=\u00a0\u00bb{}\u00a0\u00bb]<\/p>\n<p>DIMENSIONS<\/p>\n<ul>\n<li>Ext\u00e9rieur\u00a0: 62\u00a0po x 62\u00a0po x 91\u00a0po<\/li>\n<li>Poids\u00a0: 240\u00a0lb<\/li>\n<li>R\u00e9servoir d\u2019eaux us\u00e9es\u00a0: 50\u00a0gal<\/li>\n<li>R\u00e9servoir d\u2019eau douce\u00a0: 61 L<\/li>\n<\/ul>\n<p>\u00c9QUIPEMENT INCLUS<\/p>\n<ul>\n<li>Toilette \u00e0 recirculation avec si\u00e8ge<\/li>\n<li>Urinoir surdimensionn\u00e9 pour le maintien de la propret\u00e9<\/li>\n<li>\u00c9vier<\/li>\n<li>Serviettes en papier<\/li>\n<li>Savon<\/li>\n<li>Radiateur (en hiver)<\/li>\n<\/ul>\n<p>HIVER<\/p>\n<ul>\n<li>Ajout d\u2019une solution saline afin d\u2019\u00e9viter le gel<\/li>\n<\/ul>\n<ul><\/ul>\n<p>[\/et_pb_text][\/et_pb_column][et_pb_column type=\u00a0\u00bb1_2&Prime; _builder_version=\u00a0\u00bb4.22.1&Prime; _module_preset=\u00a0\u00bbdefault\u00a0\u00bb global_colors_info=\u00a0\u00bb{}\u00a0\u00bb][et_pb_text _builder_version=\u00a0\u00bb4.22.1&Prime; _module_preset=\u00a0\u00bbdefault\u00a0\u00bb global_colors_info=\u00a0\u00bb{}\u00a0\u00bb]<\/p>\n<p>REMARQUES<\/p>\n<ul>\n<li>Syst\u00e8me de chasse d\u2019eau \u00e0 recirculation<\/li>\n<\/ul>\n<ul>\n<li>\u00c9vier d\u2019eau douce avec savon et serviettes en papier<\/li>\n<li>Porte haute<\/li>\n<li>Montant de porte en aluminium trait\u00e9 thermiquement et con\u00e7u pour r\u00e9sister aux chocs frontaux<\/li>\n<li>\u00c9vents en angle pour emp\u00eacher la pluie d\u2019entrer dans la toilette<\/li>\n<li>Orifice d\u2019\u00e9chappement entre le r\u00e9servoir et l\u2019ext\u00e9rieur pour limiter les odeurs dans la toilette<\/li>\n<\/ul>\n<p>SERVICES INCLUS<\/p>\n<ul>\n<li>Vidange des eaux us\u00e9es<\/li>\n<li>R\u00e9approvisionnement de l\u2019eau douce<\/li>\n<li>R\u00e9approvisionnement du savon, des serviettes en papier et du papier hygi\u00e9nique<\/li>\n<li>Nettoyage des toilettes et du sol<\/li>\n<li>Le client est responsable de la gestion des ordures<\/li>\n<\/ul>\n<ul><\/ul>\n<p>[\/et_pb_text][\/et_pb_column][\/et_pb_row][\/et_pb_section]<\/p>\n","protected":false},"excerpt":{"rendered":"<p>L\u2019unit\u00e9 r\u00e9guli\u00e8re \u00e9largie est plus de 30\u00a0% plus grande que l\u2019unit\u00e9 r\u00e9guli\u00e8re standard et est construite selon les m\u00eames normes. Elle conserve les m\u00eames syst\u00e8mes de chasse d\u2019eau et de lavage des mains que l\u2019unit\u00e9 r\u00e9guli\u00e8re, tout en \u00e9tant beaucoup plus spacieuse. Les syst\u00e8mes de chasse d\u2019eau et de lavage des mains sont actionn\u00e9es par [&hellip;]<\/p>\n","protected":false},"author":4,"featured_media":0,"parent":619,"menu_order":0,"comment_status":"closed","ping_status":"closed","template":"","meta":{"_et_pb_use_builder":"on","_et_pb_old_content":"","_et_gb_content_width":"","content-type":"","footnotes":""},"class_list":["post-620","page","type-page","status-publish","hentry"],"featured_image_src":null,"featured_image_src_square":null,"_links":{"self":[{"href":"https:\/\/lacombelsc.com\/fr\/wp-json\/wp\/v2\/pages\/620","targetHints":{"allow":["GET"]}}],"collection":[{"href":"https:\/\/lacombelsc.com\/fr\/wp-json\/wp\/v2\/pages"}],"about":[{"href":"https:\/\/lacombelsc.com\/fr\/wp-json\/wp\/v2\/types\/page"}],"author":[{"embeddable":true,"href":"https:\/\/lacombelsc.com\/fr\/wp-json\/wp\/v2\/users\/4"}],"replies":[{"embeddable":true,"href":"https:\/\/lacombelsc.com\/fr\/wp-json\/wp\/v2\/comments?post=620"}],"version-history":[{"count":0,"href":"https:\/\/lacombelsc.com\/fr\/wp-json\/wp\/v2\/pages\/620\/revisions"}],"up":[{"embeddable":true,"href":"https:\/\/lacombelsc.com\/fr\/wp-json\/wp\/v2\/pages\/619"}],"wp:attachment":[{"href":"https:\/\/lacombelsc.com\/fr\/wp-json\/wp\/v2\/media?parent=620"}],"curies":[{"name":"wp","href":"https:\/\/api.w.org\/{rel}","templated":true}]}}