{"id":626,"date":"2023-09-05T16:45:05","date_gmt":"2023-09-05T16:45:05","guid":{"rendered":"https:\/\/lacombelsc.wpenginepowered.com\/nos-produits\/construction-seasonal\/steel-storage-container\/"},"modified":"2023-10-05T17:12:47","modified_gmt":"2023-10-05T17:12:47","slug":"steel-storage-container","status":"publish","type":"page","link":"https:\/\/lacombelsc.com\/fr\/nos-produits\/construction-saisonnier\/steel-storage-container\/","title":{"rendered":"Steel Storage Container"},"content":{"rendered":"<p>[et_pb_section fb_built=\u00a0\u00bb1&Prime; _builder_version=\u00a0\u00bb4.22.1&Prime; _module_preset=\u00a0\u00bbdefault\u00a0\u00bb global_colors_info=\u00a0\u00bb{}\u00a0\u00bb][et_pb_row _builder_version=\u00a0\u00bb4.22.1&Prime; _module_preset=\u00a0\u00bbdefault\u00a0\u00bb global_colors_info=\u00a0\u00bb{}\u00a0\u00bb][et_pb_column type=\u00a0\u00bb4_4&Prime; _builder_version=\u00a0\u00bb4.22.1&Prime; _module_preset=\u00a0\u00bbdefault\u00a0\u00bb global_colors_info=\u00a0\u00bb{}\u00a0\u00bb][et_pb_heading title=\u00a0\u00bbConteneur en acier\u00a0\u00bb _builder_version=\u00a0\u00bb4.22.2&Prime; _module_preset=\u00a0\u00bbdefault\u00a0\u00bb title_text_align=\u00a0\u00bbcenter\u00a0\u00bb title_text_color=\u00a0\u00bb#3774c3&Prime; title_font_size=\u00a0\u00bb40px\u00a0\u00bb hover_enabled=\u00a0\u00bb0&Prime; global_colors_info=\u00a0\u00bb{}\u00a0\u00bb sticky_enabled=\u00a0\u00bb0&Prime;][\/et_pb_heading][et_pb_heading title=\u00a0\u00bb\u00ab\u2009Une livraison fiable et rapide sur votre site au moment o\u00f9 vous en avez besoin.\u2009\u00bb\u00a0\u00bb _builder_version=\u00a0\u00bb4.22.2&Prime; _module_preset=\u00a0\u00bbdefault\u00a0\u00bb title_text_align=\u00a0\u00bbcenter\u00a0\u00bb hover_enabled=\u00a0\u00bb0&Prime; global_colors_info=\u00a0\u00bb{}\u00a0\u00bb sticky_enabled=\u00a0\u00bb0&Prime;][\/et_pb_heading][\/et_pb_column][\/et_pb_row][et_pb_row column_structure=\u00a0\u00bb1_2,1_2&Prime; _builder_version=\u00a0\u00bb4.22.1&Prime; _module_preset=\u00a0\u00bbdefault\u00a0\u00bb global_colors_info=\u00a0\u00bb{}\u00a0\u00bb][et_pb_column type=\u00a0\u00bb1_2&Prime; _builder_version=\u00a0\u00bb4.22.1&Prime; _module_preset=\u00a0\u00bbdefault\u00a0\u00bb global_colors_info=\u00a0\u00bb{}\u00a0\u00bb][et_pb_text _builder_version=\u00a0\u00bb4.22.1&Prime; _module_preset=\u00a0\u00bbdefault\u00a0\u00bb global_colors_info=\u00a0\u00bb{}\u00a0\u00bb]<\/p>\n<p>Aussi abordables que s\u00e9curitaires, nos conteneurs de stockage en acier garderont votre \u00e9quipement en s\u00e9curit\u00e9 et \u00e0 l\u2019abri des intemp\u00e9ries.<\/p>\n<p>Une livraison fiable et rapide est toujours incluse.<\/p>\n<p>[\/et_pb_text][et_pb_button button_url=\u00a0\u00bbhttps:\/\/lacombelsc.com\/wp-content\/uploads\/2023\/09\/LTR_SS_SJ_SteelStorage_2014.pdf\u00a0\u00bb url_new_window=\u00a0\u00bbon\u00a0\u00bb button_text=\u00a0\u00bbDownload Sheet\u00a0\u00bb button_alignment=\u00a0\u00bbcenter\u00a0\u00bb _builder_version=\u00a0\u00bb4.22.1&Prime; _module_preset=\u00a0\u00bbdefault\u00a0\u00bb custom_button=\u00a0\u00bbon\u00a0\u00bb button_icon=\u00a0\u00bb&#xe092;||divi||400&Prime; button_on_hover=\u00a0\u00bboff\u00a0\u00bb global_colors_info=\u00a0\u00bb{}\u00a0\u00bb][\/et_pb_button][\/et_pb_column][et_pb_column type=\u00a0\u00bb1_2&Prime; _builder_version=\u00a0\u00bb4.22.1&Prime; _module_preset=\u00a0\u00bbdefault\u00a0\u00bb global_colors_info=\u00a0\u00bb{}\u00a0\u00bb][et_pb_image src=\u00a0\u00bbhttps:\/\/lacombelsc.com\/wp-content\/uploads\/2023\/09\/119.jpg\u00a0\u00bb title_text=\u00a0\u00bb119&Prime; align=\u00a0\u00bbcenter\u00a0\u00bb _builder_version=\u00a0\u00bb4.22.1&Prime; _module_preset=\u00a0\u00bbdefault\u00a0\u00bb max_height=\u00a0\u00bb450px\u00a0\u00bb border_radii=\u00a0\u00bbon|5px|5px|5px|5px\u00a0\u00bb global_colors_info=\u00a0\u00bb{}\u00a0\u00bb][\/et_pb_image][\/et_pb_column][\/et_pb_row][et_pb_row column_structure=\u00a0\u00bb1_2,1_2&Prime; _builder_version=\u00a0\u00bb4.22.1&Prime; _module_preset=\u00a0\u00bbdefault\u00a0\u00bb global_colors_info=\u00a0\u00bb{}\u00a0\u00bb][et_pb_column type=\u00a0\u00bb1_2&Prime; _builder_version=\u00a0\u00bb4.22.1&Prime; _module_preset=\u00a0\u00bbdefault\u00a0\u00bb global_colors_info=\u00a0\u00bb{}\u00a0\u00bb][et_pb_text _builder_version=\u00a0\u00bb4.22.1&Prime; _module_preset=\u00a0\u00bbdefault\u00a0\u00bb global_colors_info=\u00a0\u00bb{}\u00a0\u00bb]<\/p>\n<p>DIMENSIONS<\/p>\n<ul>\n<li>Ext\u00e9rieur\u00a0: 20\u00a0pi x 8\u00a0pi x 8\u00a0pi<\/li>\n<li>Int\u00e9rieur\u00a0: 92\u00a0po de largeur et 94\u00a0po de hauteur<\/li>\n<\/ul>\n<p>AVANTAGES<\/p>\n<ul>\n<li>Stockage s\u00e9curitaire \u00e0 l\u2019endroit et au moment o\u00f9 vous en avez besoin<\/li>\n<li>Stockage le moins cher et le plus s\u00e9curitaire<\/li>\n<li>Protection \u00e9tanche au vent<\/li>\n<li>Protection \u00e9tanche \u00e0 l\u2019eau<\/li>\n<li>Les ouvertures d\u2019a\u00e9ration permettent \u00e0 l\u2019air de circuler<\/li>\n<li>Dispositif de dissuasion contre le vol en acier massif<\/li>\n<\/ul>\n<ul><\/ul>\n<p>[\/et_pb_text][\/et_pb_column][et_pb_column type=\u00a0\u00bb1_2&Prime; _builder_version=\u00a0\u00bb4.22.1&Prime; _module_preset=\u00a0\u00bbdefault\u00a0\u00bb global_colors_info=\u00a0\u00bb{}\u00a0\u00bb][et_pb_text _builder_version=\u00a0\u00bb4.22.1&Prime; _module_preset=\u00a0\u00bbdefault\u00a0\u00bb global_colors_info=\u00a0\u00bb{}\u00a0\u00bb]<\/p>\n<p>POSSIBILIT\u00c9S D\u2019UTILISATION<\/p>\n<ul>\n<li>Location \u00e0 court et \u00e0 long terme pour le stockage d\u2019outils et d\u2019\u00e9quipement<\/li>\n<li>Bureau sur le site<\/li>\n<li>Coin-repas \u00e0 l\u2019abri<\/li>\n<li>Mobilier de bureau, dossiers et documents<\/li>\n<li>Automobiles, pi\u00e8ces et accessoires<\/li>\n<li>Inventaire exc\u00e9dentaire<\/li>\n<li>Lieux \u00e9loign\u00e9s n\u00e9cessitant une s\u00e9curit\u00e9 additionnelle<\/li>\n<li>Stockage \u00e0 court terme pour reprise apr\u00e8s sinistre<\/li>\n<\/ul>\n<ul><\/ul>\n<p>[\/et_pb_text][\/et_pb_column][\/et_pb_row][\/et_pb_section]<\/p>\n","protected":false},"excerpt":{"rendered":"<p>Aussi abordables que s\u00e9curitaires, nos conteneurs de stockage en acier garderont votre \u00e9quipement en s\u00e9curit\u00e9 et \u00e0 l\u2019abri des intemp\u00e9ries. Une livraison fiable et rapide est toujours incluse.DIMENSIONS Ext\u00e9rieur\u00a0: 20\u00a0pi x 8\u00a0pi x 8\u00a0pi Int\u00e9rieur\u00a0: 92\u00a0po de largeur et 94\u00a0po de hauteur AVANTAGES Stockage s\u00e9curitaire \u00e0 l\u2019endroit et au moment o\u00f9 vous en avez besoin [&hellip;]<\/p>\n","protected":false},"author":4,"featured_media":0,"parent":619,"menu_order":0,"comment_status":"closed","ping_status":"closed","template":"","meta":{"_et_pb_use_builder":"on","_et_pb_old_content":"","_et_gb_content_width":"","content-type":"","footnotes":""},"class_list":["post-626","page","type-page","status-publish","hentry"],"featured_image_src":null,"featured_image_src_square":null,"_links":{"self":[{"href":"https:\/\/lacombelsc.com\/fr\/wp-json\/wp\/v2\/pages\/626","targetHints":{"allow":["GET"]}}],"collection":[{"href":"https:\/\/lacombelsc.com\/fr\/wp-json\/wp\/v2\/pages"}],"about":[{"href":"https:\/\/lacombelsc.com\/fr\/wp-json\/wp\/v2\/types\/page"}],"author":[{"embeddable":true,"href":"https:\/\/lacombelsc.com\/fr\/wp-json\/wp\/v2\/users\/4"}],"replies":[{"embeddable":true,"href":"https:\/\/lacombelsc.com\/fr\/wp-json\/wp\/v2\/comments?post=626"}],"version-history":[{"count":0,"href":"https:\/\/lacombelsc.com\/fr\/wp-json\/wp\/v2\/pages\/626\/revisions"}],"up":[{"embeddable":true,"href":"https:\/\/lacombelsc.com\/fr\/wp-json\/wp\/v2\/pages\/619"}],"wp:attachment":[{"href":"https:\/\/lacombelsc.com\/fr\/wp-json\/wp\/v2\/media?parent=626"}],"curies":[{"name":"wp","href":"https:\/\/api.w.org\/{rel}","templated":true}]}}