{"id":639,"date":"2023-09-05T18:19:26","date_gmt":"2023-09-05T18:19:26","guid":{"rendered":"https:\/\/lacombelsc.wpenginepowered.com\/nos-produits\/evenements-speciaux\/lux-5\/"},"modified":"2024-01-18T12:32:45","modified_gmt":"2024-01-18T12:32:45","slug":"lux-5","status":"publish","type":"page","link":"https:\/\/lacombelsc.com\/fr\/nos-produits\/evenements-speciaux\/lux-5\/","title":{"rendered":"LUX-5"},"content":{"rendered":"<p>[et_pb_section fb_built=\u00a0\u00bb1&Prime; _builder_version=\u00a0\u00bb4.22.1&Prime; _module_preset=\u00a0\u00bbdefault\u00a0\u00bb global_colors_info=\u00a0\u00bb{}\u00a0\u00bb][et_pb_row _builder_version=\u00a0\u00bb4.22.1&Prime; _module_preset=\u00a0\u00bbdefault\u00a0\u00bb global_colors_info=\u00a0\u00bb{}\u00a0\u00bb][et_pb_column type=\u00a0\u00bb4_4&Prime; _builder_version=\u00a0\u00bb4.22.1&Prime; _module_preset=\u00a0\u00bbdefault\u00a0\u00bb global_colors_info=\u00a0\u00bb{}\u00a0\u00bb][et_pb_heading title=\u00a0\u00bbLUX-5&Prime; _builder_version=\u00a0\u00bb4.22.1&Prime; _module_preset=\u00a0\u00bbdefault\u00a0\u00bb title_text_align=\u00a0\u00bbcenter\u00a0\u00bb title_text_color=\u00a0\u00bb#3774c3&Prime; title_font_size=\u00a0\u00bb40px\u00a0\u00bb global_colors_info=\u00a0\u00bb{}\u00a0\u00bb][\/et_pb_heading][et_pb_heading title=\u00a0\u00bb\u00ab\u2009Impressionne m\u00eame les critiques les plus s\u00e9v\u00e8res.\u2009\u00bb\u00a0\u00bb _builder_version=\u00a0\u00bb4.22.2&Prime; _module_preset=\u00a0\u00bbdefault\u00a0\u00bb title_text_align=\u00a0\u00bbcenter\u00a0\u00bb global_colors_info=\u00a0\u00bb{}\u00a0\u00bb][\/et_pb_heading][\/et_pb_column][\/et_pb_row][et_pb_row column_structure=\u00a0\u00bb1_2,1_2&Prime; _builder_version=\u00a0\u00bb4.22.1&Prime; _module_preset=\u00a0\u00bbdefault\u00a0\u00bb global_colors_info=\u00a0\u00bb{}\u00a0\u00bb][et_pb_column type=\u00a0\u00bb1_2&Prime; _builder_version=\u00a0\u00bb4.22.1&Prime; _module_preset=\u00a0\u00bbdefault\u00a0\u00bb global_colors_info=\u00a0\u00bb{}\u00a0\u00bb][et_pb_text _builder_version=\u00a0\u00bb4.22.1&Prime; _module_preset=\u00a0\u00bbdefault\u00a0\u00bb global_colors_info=\u00a0\u00bb{}\u00a0\u00bb]<\/p>\n<p>Le LUX-5 est assez compact pour convenir \u00e0 l\u2019espace restreint propre aux petits \u00e9v\u00e9nements, mais est aussi id\u00e9al pour les grands rassemblements comme les mariages, les tournois de golf, les activit\u00e9s d\u2019entreprise et autres \u00e9v\u00e9nements sp\u00e9ciaux haut de gamme. M\u00eame les invit\u00e9s les plus exigeants trouveront que les installations sont \u00e0 la hauteur.<\/p>\n<p>Cette unit\u00e9 est isol\u00e9e et munie d\u2019un radiateur pour affronter les temps froids et d\u2019un ventilateur int\u00e9gr\u00e9 ainsi que d\u2019un climatiseur pour garder l\u2019int\u00e9rieur frais lors des temps chauds. Un \u00e9clairage \u00e0 l\u2019int\u00e9rieur et \u00e0 l\u2019ext\u00e9rieur offre une exp\u00e9rience sensorielle chaleureuse.<\/p>\n<p>Un entretien standard est effectu\u00e9 une fois par semaine par nos techniciens qualifi\u00e9s et comprend le nettoyage des toilettes, la vidange des eaux us\u00e9es et le r\u00e9approvisionnement en produits sanitaires si n\u00e9cessaire. Nous proposons des intervalles d\u2019entretien plus ou moins fr\u00e9quents pour nous adapter \u00e0 vos besoins sp\u00e9cifiques. Nos techniciens documentent toutes leurs interventions \u00e0 l\u2019int\u00e9rieur de l\u2019unit\u00e9 \u00e0 des fins de contr\u00f4le de la qualit\u00e9. Nous offrons un service d\u2019urgence\u00a024\/7.<\/p>\n<p>[\/et_pb_text][\/et_pb_column][et_pb_column type=\u00a0\u00bb1_2&Prime; _builder_version=\u00a0\u00bb4.22.1&Prime; _module_preset=\u00a0\u00bbdefault\u00a0\u00bb global_colors_info=\u00a0\u00bb{}\u00a0\u00bb][et_pb_image src=\u00a0\u00bbhttps:\/\/lacombelsc.com\/wp-content\/uploads\/2023\/10\/LUX-5-edited-1024&#215;919.png\u00a0\u00bb title_text=\u00a0\u00bbLUX-5 (edited)\u00a0\u00bb align=\u00a0\u00bbcenter\u00a0\u00bb _builder_version=\u00a0\u00bb4.23.4&Prime; _module_preset=\u00a0\u00bbdefault\u00a0\u00bb max_height=\u00a0\u00bb450px\u00a0\u00bb hover_enabled=\u00a0\u00bb0&Prime; border_radii=\u00a0\u00bbon|5px|5px|5px|5px\u00a0\u00bb global_colors_info=\u00a0\u00bb{}\u00a0\u00bb sticky_enabled=\u00a0\u00bb0&Prime;][\/et_pb_image][\/et_pb_column][\/et_pb_row][et_pb_row _builder_version=\u00a0\u00bb4.22.1&Prime; _module_preset=\u00a0\u00bbdefault\u00a0\u00bb global_colors_info=\u00a0\u00bb{}\u00a0\u00bb][et_pb_column type=\u00a0\u00bb4_4&Prime; _builder_version=\u00a0\u00bb4.22.1&Prime; _module_preset=\u00a0\u00bbdefault\u00a0\u00bb global_colors_info=\u00a0\u00bb{}\u00a0\u00bb][et_pb_gallery gallery_orderby=\u00a0\u00bbrand\u00a0\u00bb orientation=\u00a0\u00bbportrait\u00a0\u00bb show_title_and_caption=\u00a0\u00bboff\u00a0\u00bb show_pagination=\u00a0\u00bboff\u00a0\u00bb _builder_version=\u00a0\u00bb4.23.4&Prime; _module_preset=\u00a0\u00bbdefault\u00a0\u00bb hover_enabled=\u00a0\u00bb0&Prime; border_radii_image=\u00a0\u00bbon|5px|5px|5px|5px\u00a0\u00bb global_colors_info=\u00a0\u00bb{}\u00a0\u00bb sticky_enabled=\u00a0\u00bb0&Prime; gallery_ids=\u00a0\u00bb565,564,562&Prime;][\/et_pb_gallery][\/et_pb_column][\/et_pb_row][et_pb_row column_structure=\u00a0\u00bb1_2,1_2&Prime; _builder_version=\u00a0\u00bb4.22.1&Prime; _module_preset=\u00a0\u00bbdefault\u00a0\u00bb global_colors_info=\u00a0\u00bb{}\u00a0\u00bb][et_pb_column type=\u00a0\u00bb1_2&Prime; _builder_version=\u00a0\u00bb4.22.1&Prime; _module_preset=\u00a0\u00bbdefault\u00a0\u00bb global_colors_info=\u00a0\u00bb{}\u00a0\u00bb][et_pb_text _builder_version=\u00a0\u00bb4.22.1&Prime; _module_preset=\u00a0\u00bbdefault\u00a0\u00bb global_colors_info=\u00a0\u00bb{}\u00a0\u00bb]<\/p>\n<p>DIMENSIONS<\/p>\n<ul>\n<li>Ext\u00e9rieur\u00a0: 101,5\u00a0po x 175,5\u00a0po x 145\u00a0po et fl\u00e8che d\u2019attelage de 56\u00a0po<\/li>\n<li>Espace requis\u00a0: 214\u00a0po x 302\u00a0po<\/li>\n<li>R\u00e9servoir d\u2019eaux us\u00e9es\u00a0: 520\u00a0gal US<\/li>\n<li>R\u00e9servoir d\u2019eau douce\u00a0: 200\u00a0gal US<\/li>\n<\/ul>\n<p>\u00c9QUIPEMENT INCLUS<\/p>\n<ul>\n<li>Toilettes en c\u00e9ramique \u00e0 faible d\u00e9bit et \u00e0 commande par le pied<\/li>\n<li>Urinoir en c\u00e9ramique avec chasse d\u2019eau automatique<\/li>\n<li>\u00c9vier \u00e0 d\u00e9bit r\u00e9duit avec eau courante froide et chaude<\/li>\n<li>Miroirs<\/li>\n<li>Distributeur de savon liquide<\/li>\n<li>Distributeurs de serviettes en papier et de papier hygi\u00e9nique<\/li>\n<li>Lumi\u00e8res int\u00e9rieures et ext\u00e9rieures<\/li>\n<li>Radiateur<\/li>\n<li>Climatiseur<\/li>\n<\/ul>\n<p>[\/et_pb_text][\/et_pb_column][et_pb_column type=\u00a0\u00bb1_2&Prime; _builder_version=\u00a0\u00bb4.22.1&Prime; _module_preset=\u00a0\u00bbdefault\u00a0\u00bb global_colors_info=\u00a0\u00bb{}\u00a0\u00bb][et_pb_text _builder_version=\u00a0\u00bb4.22.1&Prime; _module_preset=\u00a0\u00bbdefault\u00a0\u00bb global_colors_info=\u00a0\u00bb{}\u00a0\u00bb]<\/p>\n<p>REMARQUES<\/p>\n<ul>\n<li>Unit\u00e9 enti\u00e8rement hivern\u00e9e<\/li>\n<li>L\u2019unit\u00e9 doit \u00eatre install\u00e9e sur un sol plat et solide<\/li>\n<li>Tous les prix sont bas\u00e9s sur une installation d\u2019une heure maximum (sauf indication contraire)<\/li>\n<\/ul>\n<p>SERVICES INCLUS<\/p>\n<ul>\n<li>Vidange des eaux us\u00e9es<\/li>\n<li>R\u00e9approvisionnement de l\u2019eau douce<\/li>\n<li>R\u00e9approvisionnement du savon, des serviettes en papier et du papier hygi\u00e9nique<\/li>\n<li>Nettoyage des toilettes et du sol<\/li>\n<li>Le client est responsable de la gestion des ordures<\/li>\n<\/ul>\n<p>BESOINS EN \u00c9LECTRICIT\u00c9<\/p>\n<ul>\n<li>2 X\u00a0125V 20Amp\u00a0pour l\u2019<strong>utilisation estivale<\/strong><\/li>\n<li>5 X\u00a0125V 20Amp\u00a0pour l\u2019<strong>utilisation hivernale<\/strong><\/li>\n<li>Le client doit fournir les rallonges n\u00e9cessaires pour raccorder les toilettes<\/li>\n<\/ul>\n<p><strong>LE CLIENT EST RESPONSABLE DE TOUS LES BRANCHEMENTS \u00c9LECTRIQUES. <\/strong><\/p>\n<p><strong>AUCUN RACCORDEMENT \u00c9LECTRIQUE N\u2019EST AUTORIS\u00c9.<\/strong><\/p>\n<p>[\/et_pb_text][\/et_pb_column][\/et_pb_row][\/et_pb_section]<\/p>\n","protected":false},"excerpt":{"rendered":"<p>Le LUX-5 est assez compact pour convenir \u00e0 l\u2019espace restreint propre aux petits \u00e9v\u00e9nements, mais est aussi id\u00e9al pour les grands rassemblements comme les mariages, les tournois de golf, les activit\u00e9s d\u2019entreprise et autres \u00e9v\u00e9nements sp\u00e9ciaux haut de gamme. M\u00eame les invit\u00e9s les plus exigeants trouveront que les installations sont \u00e0 la hauteur. Cette unit\u00e9 [&hellip;]<\/p>\n","protected":false},"author":4,"featured_media":0,"parent":599,"menu_order":0,"comment_status":"closed","ping_status":"closed","template":"","meta":{"_et_pb_use_builder":"on","_et_pb_old_content":"","_et_gb_content_width":"","content-type":"","footnotes":""},"class_list":["post-639","page","type-page","status-publish","hentry"],"featured_image_src":null,"featured_image_src_square":null,"_links":{"self":[{"href":"https:\/\/lacombelsc.com\/fr\/wp-json\/wp\/v2\/pages\/639","targetHints":{"allow":["GET"]}}],"collection":[{"href":"https:\/\/lacombelsc.com\/fr\/wp-json\/wp\/v2\/pages"}],"about":[{"href":"https:\/\/lacombelsc.com\/fr\/wp-json\/wp\/v2\/types\/page"}],"author":[{"embeddable":true,"href":"https:\/\/lacombelsc.com\/fr\/wp-json\/wp\/v2\/users\/4"}],"replies":[{"embeddable":true,"href":"https:\/\/lacombelsc.com\/fr\/wp-json\/wp\/v2\/comments?post=639"}],"version-history":[{"count":0,"href":"https:\/\/lacombelsc.com\/fr\/wp-json\/wp\/v2\/pages\/639\/revisions"}],"up":[{"embeddable":true,"href":"https:\/\/lacombelsc.com\/fr\/wp-json\/wp\/v2\/pages\/599"}],"wp:attachment":[{"href":"https:\/\/lacombelsc.com\/fr\/wp-json\/wp\/v2\/media?parent=639"}],"curies":[{"name":"wp","href":"https:\/\/api.w.org\/{rel}","templated":true}]}}