{"id":644,"date":"2023-09-05T17:44:15","date_gmt":"2023-09-05T17:44:15","guid":{"rendered":"https:\/\/lacombelsc.wpenginepowered.com\/nos-produits\/evenements-speciaux\/vip-plastic\/"},"modified":"2023-10-11T10:46:14","modified_gmt":"2023-10-11T10:46:14","slug":"vip-plastic","status":"publish","type":"page","link":"https:\/\/lacombelsc.com\/fr\/nos-produits\/evenements-speciaux\/vip-plastic\/","title":{"rendered":"VIP-Plastic"},"content":{"rendered":"<p>[et_pb_section fb_built=\u00a0\u00bb1&Prime; _builder_version=\u00a0\u00bb4.22.1&Prime; _module_preset=\u00a0\u00bbdefault\u00a0\u00bb global_colors_info=\u00a0\u00bb{}\u00a0\u00bb][et_pb_row _builder_version=\u00a0\u00bb4.22.1&Prime; _module_preset=\u00a0\u00bbdefault\u00a0\u00bb global_colors_info=\u00a0\u00bb{}\u00a0\u00bb][et_pb_column type=\u00a0\u00bb4_4&Prime; _builder_version=\u00a0\u00bb4.22.1&Prime; _module_preset=\u00a0\u00bbdefault\u00a0\u00bb global_colors_info=\u00a0\u00bb{}\u00a0\u00bb][et_pb_heading title=\u00a0\u00bbVIP-Plastique\u00a0\u00bb _builder_version=\u00a0\u00bb4.22.2&Prime; _module_preset=\u00a0\u00bbdefault\u00a0\u00bb title_text_align=\u00a0\u00bbcenter\u00a0\u00bb title_text_color=\u00a0\u00bb#3774c3&Prime; title_font_size=\u00a0\u00bb40px\u00a0\u00bb global_colors_info=\u00a0\u00bb{}\u00a0\u00bb][\/et_pb_heading][et_pb_heading title=\u00a0\u00bb\u00ab\u2009La meilleure unit\u00e9 en plastique de l\u2019industrie qui \u00e9tablit la norme pour les toilettes mobiles esth\u00e9tiquement attrayantes et de qualit\u00e9.\u2009\u00bb\u00a0\u00bb _builder_version=\u00a0\u00bb4.22.1&Prime; _module_preset=\u00a0\u00bbdefault\u00a0\u00bb title_text_align=\u00a0\u00bbcenter\u00a0\u00bb global_colors_info=\u00a0\u00bb{}\u00a0\u00bb][\/et_pb_heading][\/et_pb_column][\/et_pb_row][et_pb_row column_structure=\u00a0\u00bb1_2,1_2&Prime; _builder_version=\u00a0\u00bb4.22.1&Prime; _module_preset=\u00a0\u00bbdefault\u00a0\u00bb global_colors_info=\u00a0\u00bb{}\u00a0\u00bb][et_pb_column type=\u00a0\u00bb1_2&Prime; _builder_version=\u00a0\u00bb4.22.1&Prime; _module_preset=\u00a0\u00bbdefault\u00a0\u00bb global_colors_info=\u00a0\u00bb{}\u00a0\u00bb][et_pb_text _builder_version=\u00a0\u00bb4.22.1&Prime; _module_preset=\u00a0\u00bbdefault\u00a0\u00bb global_colors_info=\u00a0\u00bb{}\u00a0\u00bb]<\/p>\n<p>\u00a0Le VIP-Plastique combine luxe et l\u2019utilit\u00e9.<\/p>\n<p>Notre unit\u00e9 en plastique la plus haut de gamme comporte une toilette \u00e0 chasse d\u2019eau, un \u00e9vier \u00e0 eau douce et un int\u00e9rieur ergonomique qui offre davantage d\u2019espace \u00e0 l\u2019utilisateur.<\/p>\n<p>C\u2019est l\u2019option plastique la plus appropri\u00e9e pour les mariages intimes ou autres \u00e9v\u00e8nements officiels en plein air. Le VIP-Plastique offre des commodit\u00e9s autonomes d\u2019eau douce dans une construction esth\u00e9tique.<\/p>\n<p>L\u2019entretien est effectu\u00e9 hebdomadairement par nos techniciens qualifi\u00e9s et comprend le nettoyage des toilettes, la vidange des eaux us\u00e9es et le r\u00e9approvisionnement en produits sanitaires si n\u00e9cessaire. Nous proposons des intervalles d\u2019entretien plus ou moins fr\u00e9quents pour nous adapter \u00e0 vos besoins sp\u00e9cifiques. Nos techniciens documentent toutes leurs interventions \u00e0 l\u2019int\u00e9rieur de l\u2019unit\u00e9 \u00e0 des fins de contr\u00f4le de la qualit\u00e9. Nous offrons un service d\u2019urgence\u00a024\/7.<\/p>\n<p>[\/et_pb_text][et_pb_button button_url=\u00a0\u00bbhttps:\/\/lacombelsc.com\/wp-content\/uploads\/2023\/09\/LTR_SS_IR_VIPplastic_20145.pdf\u00a0\u00bb url_new_window=\u00a0\u00bbon\u00a0\u00bb button_text=\u00a0\u00bbT\u00e9l\u00e9charger la fiche\u00a0\u00bb button_alignment=\u00a0\u00bbcenter\u00a0\u00bb _builder_version=\u00a0\u00bb4.22.2&Prime; _module_preset=\u00a0\u00bbdefault\u00a0\u00bb custom_button=\u00a0\u00bbon\u00a0\u00bb button_icon=\u00a0\u00bb&#xe092;||divi||400&Prime; button_on_hover=\u00a0\u00bboff\u00a0\u00bb hover_enabled=\u00a0\u00bb0&Prime; global_colors_info=\u00a0\u00bb{}\u00a0\u00bb sticky_enabled=\u00a0\u00bb0&Prime;][\/et_pb_button][\/et_pb_column][et_pb_column type=\u00a0\u00bb1_2&Prime; _builder_version=\u00a0\u00bb4.22.1&Prime; _module_preset=\u00a0\u00bbdefault\u00a0\u00bb global_colors_info=\u00a0\u00bb{}\u00a0\u00bb][et_pb_image src=\u00a0\u00bbhttps:\/\/lacombelsc.com\/wp-content\/uploads\/2023\/09\/VIP-PL.jpg\u00a0\u00bb title_text=\u00a0\u00bbVIP-PL\u00a0\u00bb align=\u00a0\u00bbcenter\u00a0\u00bb _builder_version=\u00a0\u00bb4.22.1&Prime; _module_preset=\u00a0\u00bbdefault\u00a0\u00bb max_height=\u00a0\u00bb450px\u00a0\u00bb border_radii=\u00a0\u00bbon|5px|5px|5px|5px\u00a0\u00bb global_colors_info=\u00a0\u00bb{}\u00a0\u00bb][\/et_pb_image][\/et_pb_column][\/et_pb_row][et_pb_row _builder_version=\u00a0\u00bb4.22.1&Prime; _module_preset=\u00a0\u00bbdefault\u00a0\u00bb global_colors_info=\u00a0\u00bb{}\u00a0\u00bb][et_pb_column type=\u00a0\u00bb4_4&Prime; _builder_version=\u00a0\u00bb4.22.1&Prime; _module_preset=\u00a0\u00bbdefault\u00a0\u00bb global_colors_info=\u00a0\u00bb{}\u00a0\u00bb][et_pb_gallery gallery_ids=\u00a0\u00bb323,325&Prime; gallery_orderby=\u00a0\u00bbrand\u00a0\u00bb orientation=\u00a0\u00bbportrait\u00a0\u00bb show_title_and_caption=\u00a0\u00bboff\u00a0\u00bb show_pagination=\u00a0\u00bboff\u00a0\u00bb _builder_version=\u00a0\u00bb4.22.1&Prime; _module_preset=\u00a0\u00bbdefault\u00a0\u00bb border_radii_image=\u00a0\u00bbon|5px|5px|5px|5px\u00a0\u00bb global_colors_info=\u00a0\u00bb{}\u00a0\u00bb][\/et_pb_gallery][\/et_pb_column][\/et_pb_row][et_pb_row column_structure=\u00a0\u00bb1_2,1_2&Prime; _builder_version=\u00a0\u00bb4.22.1&Prime; _module_preset=\u00a0\u00bbdefault\u00a0\u00bb global_colors_info=\u00a0\u00bb{}\u00a0\u00bb][et_pb_column type=\u00a0\u00bb1_2&Prime; _builder_version=\u00a0\u00bb4.22.1&Prime; _module_preset=\u00a0\u00bbdefault\u00a0\u00bb global_colors_info=\u00a0\u00bb{}\u00a0\u00bb][et_pb_text _builder_version=\u00a0\u00bb4.22.1&Prime; _module_preset=\u00a0\u00bbdefault\u00a0\u00bb global_colors_info=\u00a0\u00bb{}\u00a0\u00bb]<\/p>\n<p>DIMENSIONS<\/p>\n<ul>\n<li>Ext\u00e9rieur\u00a0: 47\u00a0po x 47\u00a0po x 91\u00a0po<\/li>\n<li>R\u00e9servoir d\u2019eaux us\u00e9es\u00a0: 40\u00a0gal<\/li>\n<li>R\u00e9servoir d\u2019eau douce\u00a0: 40\u00a0gal US<\/li>\n<\/ul>\n<p>\u00c9QUIPEMENT INCLUS<\/p>\n<ul>\n<li>Toilette \u00e0 chasse d\u2019eau avec si\u00e8ge<\/li>\n<li>Urinoir compact pour le maintien de la propret\u00e9<\/li>\n<li>\u00c9vier actionn\u00e9 par pompe \u00e0 pied<\/li>\n<li>Serviettes en papier<\/li>\n<li>Savon<\/li>\n<\/ul>\n<p>HIVER<\/p>\n<ul>\n<li>Ajout d\u2019une solution saline afin d\u2019\u00e9viter le gel<\/li>\n<\/ul>\n<ul><\/ul>\n<p>[\/et_pb_text][\/et_pb_column][et_pb_column type=\u00a0\u00bb1_2&Prime; _builder_version=\u00a0\u00bb4.22.1&Prime; _module_preset=\u00a0\u00bbdefault\u00a0\u00bb global_colors_info=\u00a0\u00bb{}\u00a0\u00bb][et_pb_text _builder_version=\u00a0\u00bb4.22.1&Prime; _module_preset=\u00a0\u00bbdefault\u00a0\u00bb global_colors_info=\u00a0\u00bb{}\u00a0\u00bb]<\/p>\n<p>REMARQUES<\/p>\n<ul>\n<li>Syst\u00e8me de chasse \u00e0 eau douce<\/li>\n<li>\u00c9vier d\u2019eau douce avec savon et serviettes en papier<\/li>\n<li>Urinoir avec pompe \u00e0 eau<\/li>\n<\/ul>\n<ul>\n<li>\u00c9vents en angle pour emp\u00eacher la pluie d\u2019entrer dans la toilette<\/li>\n<\/ul>\n<ul>\n<li>Montant de porte en aluminium trait\u00e9 thermiquement et con\u00e7u pour r\u00e9sister aux chocs frontaux<\/li>\n<\/ul>\n<p>SERVICES INCLUS<\/p>\n<ul>\n<li>Vidange des eaux us\u00e9es<\/li>\n<li>R\u00e9approvisionnement de l\u2019eau douce<\/li>\n<li>R\u00e9approvisionnement du savon, des serviettes en papier et du papier hygi\u00e9nique<\/li>\n<li>Nettoyage des toilettes et du sol<\/li>\n<li>Le client est responsable de la gestion des ordures<\/li>\n<\/ul>\n<ul><\/ul>\n<p>[\/et_pb_text][\/et_pb_column][\/et_pb_row][\/et_pb_section]<\/p>\n","protected":false},"excerpt":{"rendered":"<p>\u00a0Le VIP-Plastique combine luxe et l\u2019utilit\u00e9. Notre unit\u00e9 en plastique la plus haut de gamme comporte une toilette \u00e0 chasse d\u2019eau, un \u00e9vier \u00e0 eau douce et un int\u00e9rieur ergonomique qui offre davantage d\u2019espace \u00e0 l\u2019utilisateur. C\u2019est l\u2019option plastique la plus appropri\u00e9e pour les mariages intimes ou autres \u00e9v\u00e8nements officiels en plein air. Le VIP-Plastique [&hellip;]<\/p>\n","protected":false},"author":4,"featured_media":0,"parent":599,"menu_order":0,"comment_status":"closed","ping_status":"closed","template":"","meta":{"_et_pb_use_builder":"on","_et_pb_old_content":"","_et_gb_content_width":"","content-type":"","footnotes":""},"class_list":["post-644","page","type-page","status-publish","hentry"],"featured_image_src":null,"featured_image_src_square":null,"_links":{"self":[{"href":"https:\/\/lacombelsc.com\/fr\/wp-json\/wp\/v2\/pages\/644","targetHints":{"allow":["GET"]}}],"collection":[{"href":"https:\/\/lacombelsc.com\/fr\/wp-json\/wp\/v2\/pages"}],"about":[{"href":"https:\/\/lacombelsc.com\/fr\/wp-json\/wp\/v2\/types\/page"}],"author":[{"embeddable":true,"href":"https:\/\/lacombelsc.com\/fr\/wp-json\/wp\/v2\/users\/4"}],"replies":[{"embeddable":true,"href":"https:\/\/lacombelsc.com\/fr\/wp-json\/wp\/v2\/comments?post=644"}],"version-history":[{"count":0,"href":"https:\/\/lacombelsc.com\/fr\/wp-json\/wp\/v2\/pages\/644\/revisions"}],"up":[{"embeddable":true,"href":"https:\/\/lacombelsc.com\/fr\/wp-json\/wp\/v2\/pages\/599"}],"wp:attachment":[{"href":"https:\/\/lacombelsc.com\/fr\/wp-json\/wp\/v2\/media?parent=644"}],"curies":[{"name":"wp","href":"https:\/\/api.w.org\/{rel}","templated":true}]}}