{"id":648,"date":"2023-09-05T16:28:36","date_gmt":"2023-09-05T16:28:36","guid":{"rendered":"https:\/\/lacombelsc.wpenginepowered.com\/nos-produits\/vip-2m\/"},"modified":"2023-11-02T22:36:27","modified_gmt":"2023-11-02T22:36:27","slug":"vip-2m","status":"publish","type":"page","link":"https:\/\/lacombelsc.com\/fr\/nos-produits\/vip-2m\/","title":{"rendered":"VIP-2M"},"content":{"rendered":"<p>[et_pb_section fb_built=\u00a0\u00bb1&Prime; _builder_version=\u00a0\u00bb4.22.1&Prime; _module_preset=\u00a0\u00bbdefault\u00a0\u00bb global_colors_info=\u00a0\u00bb{}\u00a0\u00bb][et_pb_row _builder_version=\u00a0\u00bb4.22.1&Prime; _module_preset=\u00a0\u00bbdefault\u00a0\u00bb global_colors_info=\u00a0\u00bb{}\u00a0\u00bb][et_pb_column type=\u00a0\u00bb4_4&Prime; _builder_version=\u00a0\u00bb4.22.1&Prime; _module_preset=\u00a0\u00bbdefault\u00a0\u00bb global_colors_info=\u00a0\u00bb{}\u00a0\u00bb][et_pb_heading title=\u00a0\u00bbVIP-2M\u00a0\u00bb _builder_version=\u00a0\u00bb4.22.1&Prime; _module_preset=\u00a0\u00bbdefault\u00a0\u00bb title_text_align=\u00a0\u00bbcenter\u00a0\u00bb title_text_color=\u00a0\u00bb#3774c3&Prime; title_font_size=\u00a0\u00bb40px\u00a0\u00bb global_colors_info=\u00a0\u00bb{}\u00a0\u00bb][\/et_pb_heading][et_pb_heading title=\u00a0\u00bb\u00ab\u2009Qu\u2019elle serve lors d\u2019un \u00e9v\u00e8nement sp\u00e9cial ou sur un chantier de construction, les usagers appr\u00e9cieront cette unit\u00e9.\u2009\u00bb\u00a0\u00bb _builder_version=\u00a0\u00bb4.22.1&Prime; _module_preset=\u00a0\u00bbdefault\u00a0\u00bb title_text_align=\u00a0\u00bbcenter\u00a0\u00bb global_colors_info=\u00a0\u00bb{}\u00a0\u00bb][\/et_pb_heading][\/et_pb_column][\/et_pb_row][et_pb_row column_structure=\u00a0\u00bb1_2,1_2&Prime; _builder_version=\u00a0\u00bb4.22.1&Prime; _module_preset=\u00a0\u00bbdefault\u00a0\u00bb global_colors_info=\u00a0\u00bb{}\u00a0\u00bb][et_pb_column type=\u00a0\u00bb1_2&Prime; _builder_version=\u00a0\u00bb4.22.1&Prime; _module_preset=\u00a0\u00bbdefault\u00a0\u00bb global_colors_info=\u00a0\u00bb{}\u00a0\u00bb][et_pb_text _builder_version=\u00a0\u00bb4.22.1&Prime; _module_preset=\u00a0\u00bbdefault\u00a0\u00bb global_colors_info=\u00a0\u00bb{}\u00a0\u00bb]<\/p>\n<p>La polyvalence et le confort sont les deux points forts de la remorque sanitaire\u00a0VIP-2M.<\/p>\n<p>D\u2019une part, sa polyvalence vient de ses deux grands cabinets priv\u00e9s con\u00e7us pour une grande capacit\u00e9 d\u2019utilisation. D\u2019autre part, son confort est assur\u00e9 par des \u00e9quipements haut de gamme comprenant entre autres des toilettes en c\u00e9ramique, un lavabo et un urinoir (c\u00f4t\u00e9 hommes), un distributeur de savon, un miroir et un crochet \u00e0 v\u00eatements. Son ext\u00e9rieur est fabriqu\u00e9 en MonoPan\u00ae ultra-durable, qui lui conf\u00e8re un aspect \u00e9l\u00e9gant et facile d\u2019entretien.<\/p>\n<p>Cette unit\u00e9 est isol\u00e9e et munie d\u2019un radiateur pour affronter les temps froids et un ventilateur int\u00e9gr\u00e9 garde l\u2019int\u00e9rieur frais lors des temps chauds. Un \u00e9clairage \u00e0 l\u2019int\u00e9rieur et \u00e0 l\u2019ext\u00e9rieur offre une exp\u00e9rience sensorielle chaleureuse.<\/p>\n<p>Un entretien standard est effectu\u00e9 une fois par semaine par nos techniciens qualifi\u00e9s et comprend le nettoyage des toilettes, la vidange des eaux us\u00e9es et le r\u00e9approvisionnement en produits sanitaires si n\u00e9cessaire. Nous proposons des intervalles d\u2019entretien plus ou moins fr\u00e9quents pour nous adapter \u00e0 vos besoins sp\u00e9cifiques. Nos techniciens documentent toutes leurs interventions \u00e0 l\u2019int\u00e9rieur de l\u2019unit\u00e9 \u00e0 des fins de contr\u00f4le de la qualit\u00e9. Nous offrons un service d\u2019urgence\u00a024\/7.<\/p>\n<p>[\/et_pb_text][\/et_pb_column][et_pb_column type=\u00a0\u00bb1_2&Prime; _builder_version=\u00a0\u00bb4.22.1&Prime; _module_preset=\u00a0\u00bbdefault\u00a0\u00bb global_colors_info=\u00a0\u00bb{}\u00a0\u00bb][et_pb_image src=\u00a0\u00bbhttps:\/\/lacombelsc.com\/wp-content\/uploads\/2023\/09\/VIP-2M.png\u00a0\u00bb title_text=\u00a0\u00bbVIP-2M\u00a0\u00bb align=\u00a0\u00bbcenter\u00a0\u00bb _builder_version=\u00a0\u00bb4.22.1&Prime; _module_preset=\u00a0\u00bbdefault\u00a0\u00bb max_height=\u00a0\u00bb450px\u00a0\u00bb border_radii=\u00a0\u00bbon|5px|5px|5px|5px\u00a0\u00bb global_colors_info=\u00a0\u00bb{}\u00a0\u00bb][\/et_pb_image][\/et_pb_column][\/et_pb_row][et_pb_row _builder_version=\u00a0\u00bb4.22.1&Prime; _module_preset=\u00a0\u00bbdefault\u00a0\u00bb global_colors_info=\u00a0\u00bb{}\u00a0\u00bb][et_pb_column type=\u00a0\u00bb4_4&Prime; _builder_version=\u00a0\u00bb4.22.1&Prime; _module_preset=\u00a0\u00bbdefault\u00a0\u00bb global_colors_info=\u00a0\u00bb{}\u00a0\u00bb][et_pb_gallery gallery_ids=\u00a0\u00bb288,287,286,285&Prime; gallery_orderby=\u00a0\u00bbrand\u00a0\u00bb posts_number=\u00a0\u00bb5&Prime; orientation=\u00a0\u00bbportrait\u00a0\u00bb show_title_and_caption=\u00a0\u00bboff\u00a0\u00bb show_pagination=\u00a0\u00bboff\u00a0\u00bb _builder_version=\u00a0\u00bb4.22.1&Prime; _module_preset=\u00a0\u00bbdefault\u00a0\u00bb border_radii_image=\u00a0\u00bbon|5px|5px|5px|5px\u00a0\u00bb global_colors_info=\u00a0\u00bb{}\u00a0\u00bb][\/et_pb_gallery][\/et_pb_column][\/et_pb_row][et_pb_row column_structure=\u00a0\u00bb1_2,1_2&Prime; _builder_version=\u00a0\u00bb4.22.1&Prime; _module_preset=\u00a0\u00bbdefault\u00a0\u00bb global_colors_info=\u00a0\u00bb{}\u00a0\u00bb][et_pb_column type=\u00a0\u00bb1_2&Prime; _builder_version=\u00a0\u00bb4.22.1&Prime; _module_preset=\u00a0\u00bbdefault\u00a0\u00bb global_colors_info=\u00a0\u00bb{}\u00a0\u00bb][et_pb_text _builder_version=\u00a0\u00bb4.22.1&Prime; _module_preset=\u00a0\u00bbdefault\u00a0\u00bb global_colors_info=\u00a0\u00bb{}\u00a0\u00bb]<\/p>\n<p>DIMENSIONS<\/p>\n<ul>\n<li>Ext\u00e9rieur\u00a0: 60\u00a0po x 159\u00a0po x 112\u00a0po et fl\u00e8che d\u2019attelage de 52\u00a0po<\/li>\n<li>Espace requis\u00a0: 100\u00a0po x 212\u00a0po<\/li>\n<li>R\u00e9servoir d\u2019eaux us\u00e9es\u00a0: 299,2\u00a0gal US<\/li>\n<li>R\u00e9servoir d\u2019eau douce\u00a0: 149,6\u00a0gal US<\/li>\n<\/ul>\n<p>\u00c9QUIPEMENT INCLUS<\/p>\n<ul>\n<li>Toilettes en c\u00e9ramique \u00e0 faible d\u00e9bit<\/li>\n<li>Urinoir<\/li>\n<li>\u00c9vier \u00e0 d\u00e9bit r\u00e9duit avec eau courante froide et chaude<\/li>\n<li>Serviettes en papier<\/li>\n<li>Savon<\/li>\n<li>Lumi\u00e8res int\u00e9rieures<\/li>\n<li>Radiateur<\/li>\n<\/ul>\n<p>HIVER<\/p>\n<ul>\n<li>L\u2019unit\u00e9 doit \u00eatre chauff\u00e9e 24\u00a0heures sur 24, 7\u00a0jours sur 7<\/li>\n<li>L\u2019unit\u00e9 doit \u00eatre aliment\u00e9e et chauff\u00e9e pendant 24 heures avant d\u2019\u00eatre remplie d\u2019eau<\/li>\n<\/ul>\n<p>[\/et_pb_text][\/et_pb_column][et_pb_column type=\u00a0\u00bb1_2&Prime; _builder_version=\u00a0\u00bb4.22.1&Prime; _module_preset=\u00a0\u00bbdefault\u00a0\u00bb global_colors_info=\u00a0\u00bb{}\u00a0\u00bb][et_pb_text _builder_version=\u00a0\u00bb4.22.1&Prime; _module_preset=\u00a0\u00bbdefault\u00a0\u00bb global_colors_info=\u00a0\u00bb{}\u00a0\u00bb]<\/p>\n<p>REMARQUES<\/p>\n<ul>\n<li>Unit\u00e9 enti\u00e8rement hivern\u00e9e<\/li>\n<li>L\u2019unit\u00e9 doit \u00eatre install\u00e9e sur un sol plat et solide<\/li>\n<li>Tous les prix sont bas\u00e9s sur une installation d\u2019une heure maximum (sauf indication contraire)<\/li>\n<\/ul>\n<p>SERVICES INCLUS<\/p>\n<ul>\n<li>Vidange des eaux us\u00e9es<\/li>\n<li>R\u00e9approvisionnement de l\u2019eau douce<\/li>\n<li>R\u00e9approvisionnement du savon, des serviettes en papier et du papier hygi\u00e9nique<\/li>\n<li>Nettoyage des toilettes et du sol<\/li>\n<li>Le client est responsable de la gestion des ordures<\/li>\n<\/ul>\n<p>BESOINS EN \u00c9LECTRICIT\u00c9<\/p>\n<ul>\n<li>1 x 110\u00a0V 15 A<\/li>\n<li>Pendant les mois d\u2019hiver, les besoins sont de 1 x 220\u00a0V 20\u00a0A et 1 x 110\u00a0V 30\u00a0A<\/li>\n<li>Le client doit fournir les rallonges n\u00e9cessaires pour raccorder les toilettes<\/li>\n<\/ul>\n<p><strong>LE CLIENT EST RESPONSABLE DE TOUS LES BRANCHEMENTS \u00c9LECTRIQUES. <\/strong><\/p>\n<p><strong>AUCUN RACCORDEMENT \u00c9LECTRIQUE N\u2019EST AUTORIS\u00c9.<\/strong><\/p>\n<p>[\/et_pb_text][\/et_pb_column][\/et_pb_row][\/et_pb_section]<\/p>\n","protected":false},"excerpt":{"rendered":"<p>La polyvalence et le confort sont les deux points forts de la remorque sanitaire\u00a0VIP-2M. D\u2019une part, sa polyvalence vient de ses deux grands cabinets priv\u00e9s con\u00e7us pour une grande capacit\u00e9 d\u2019utilisation. D\u2019autre part, son confort est assur\u00e9 par des \u00e9quipements haut de gamme comprenant entre autres des toilettes en c\u00e9ramique, un lavabo et un urinoir [&hellip;]<\/p>\n","protected":false},"author":4,"featured_media":0,"parent":594,"menu_order":0,"comment_status":"closed","ping_status":"closed","template":"","meta":{"_et_pb_use_builder":"on","_et_pb_old_content":"","_et_gb_content_width":"","content-type":"","footnotes":""},"class_list":["post-648","page","type-page","status-publish","hentry"],"featured_image_src":null,"featured_image_src_square":null,"_links":{"self":[{"href":"https:\/\/lacombelsc.com\/fr\/wp-json\/wp\/v2\/pages\/648","targetHints":{"allow":["GET"]}}],"collection":[{"href":"https:\/\/lacombelsc.com\/fr\/wp-json\/wp\/v2\/pages"}],"about":[{"href":"https:\/\/lacombelsc.com\/fr\/wp-json\/wp\/v2\/types\/page"}],"author":[{"embeddable":true,"href":"https:\/\/lacombelsc.com\/fr\/wp-json\/wp\/v2\/users\/4"}],"replies":[{"embeddable":true,"href":"https:\/\/lacombelsc.com\/fr\/wp-json\/wp\/v2\/comments?post=648"}],"version-history":[{"count":0,"href":"https:\/\/lacombelsc.com\/fr\/wp-json\/wp\/v2\/pages\/648\/revisions"}],"up":[{"embeddable":true,"href":"https:\/\/lacombelsc.com\/fr\/wp-json\/wp\/v2\/pages\/594"}],"wp:attachment":[{"href":"https:\/\/lacombelsc.com\/fr\/wp-json\/wp\/v2\/media?parent=648"}],"curies":[{"name":"wp","href":"https:\/\/api.w.org\/{rel}","templated":true}]}}