{"id":651,"date":"2023-07-26T22:21:55","date_gmt":"2023-07-26T22:21:55","guid":{"rendered":"https:\/\/lacombelsc.wpenginepowered.com\/terms-policies\/"},"modified":"2023-11-01T16:45:28","modified_gmt":"2023-11-01T16:45:28","slug":"terms-policies","status":"publish","type":"page","link":"https:\/\/lacombelsc.com\/fr\/terms-policies\/","title":{"rendered":"Terms &amp; Policies"},"content":{"rendered":"<p>[et_pb_section fb_built=\u00a0\u00bb1&Prime; admin_label=\u00a0\u00bbsection\u00a0\u00bb _builder_version=\u00a0\u00bb4.16&Prime; global_colors_info=\u00a0\u00bb{}\u00a0\u00bb][et_pb_row admin_label=\u00a0\u00bbrow\u00a0\u00bb _builder_version=\u00a0\u00bb4.16&Prime; background_size=\u00a0\u00bbinitial\u00a0\u00bb background_position=\u00a0\u00bbtop_left\u00a0\u00bb background_repeat=\u00a0\u00bbrepeat\u00a0\u00bb global_colors_info=\u00a0\u00bb{}\u00a0\u00bb][et_pb_column type=\u00a0\u00bb4_4&Prime; _builder_version=\u00a0\u00bb4.16&Prime; custom_padding=\u00a0\u00bb|||\u00a0\u00bb global_colors_info=\u00a0\u00bb{}\u00a0\u00bb custom_padding__hover=\u00a0\u00bb|||\u00a0\u00bb][et_pb_text _builder_version=\u00a0\u00bb4.23&Prime; _module_preset=\u00a0\u00bbdefault\u00a0\u00bb hover_enabled=\u00a0\u00bb0&Prime; sticky_enabled=\u00a0\u00bb0&Prime;]<\/p>\n<p><a href=\"https:\/\/lacombelsc.com\/terms-replacement-policy\/\"><u>Equipment Replacement Policy<\/u><\/a><\/p>\n<p>[\/et_pb_text][et_pb_heading title=\u00a0\u00bbPolitique de confidentialit\u00e9\u00a0\u00bb _builder_version=\u00a0\u00bb4.23&Prime; _module_preset=\u00a0\u00bbdefault\u00a0\u00bb title_text_align=\u00a0\u00bbcenter\u00a0\u00bb title_text_color=\u00a0\u00bb#3774c3&Prime; global_colors_info=\u00a0\u00bb{}\u00a0\u00bb][\/et_pb_heading][et_pb_text _builder_version=\u00a0\u00bb4.23&Prime; _module_preset=\u00a0\u00bbdefault\u00a0\u00bb hover_enabled=\u00a0\u00bb0&Prime; global_colors_info=\u00a0\u00bb{}\u00a0\u00bb sticky_enabled=\u00a0\u00bb0&Prime;]<\/p>\n<p><span>Le pr\u00e9sent avis de confidentialit\u00e9 d\u00e9crit les pratiques en mati\u00e8re de protection de la vie priv\u00e9e sur le site www.LacombeLSC.com. Cet avis de confidentialit\u00e9 s&rsquo;applique uniquement aux informations collect\u00e9es par ce site web. Il vous informe des points suivants :<\/span><\/p>\n<p><span>Quelles informations personnelles identifiables sont collect\u00e9es aupr\u00e8s de vous par le biais du site web, comment elles sont utilis\u00e9es et avec qui elles peuvent \u00eatre partag\u00e9es.<\/span><\/p>\n<p><span>les choix qui s&rsquo;offrent \u00e0 vous en ce qui concerne l&rsquo;utilisation de vos donn\u00e9es<\/span><\/p>\n<p><span>les proc\u00e9dures de s\u00e9curit\u00e9 mises en place pour emp\u00eacher toute utilisation abusive de vos informations<\/span><\/p>\n<p><span>la mani\u00e8re dont vous pouvez corriger toute inexactitude dans les informations.<\/span><\/p>\n<p><span>COLLECTE, UTILISATION ET PARTAGE DES INFORMATIONS<\/span><\/p>\n<p><span>Nous sommes les seuls propri\u00e9taires des informations collect\u00e9es sur ce site. Nous n&rsquo;avons acc\u00e8s et ne recueillons que les informations que vous nous communiquez volontairement par courrier \u00e9lectronique ou par tout autre contact direct. Nous ne vendrons ni ne louerons ces informations \u00e0 qui que ce soit.<\/span><\/p>\n<p><span>Nous utiliserons vos informations pour vous r\u00e9pondre, en fonction de la raison pour laquelle vous nous avez contact\u00e9s. Nous ne partagerons pas vos informations avec des tiers ext\u00e9rieurs \u00e0 notre organisation, sauf si cela est n\u00e9cessaire pour r\u00e9pondre \u00e0 votre demande, par exemple pour exp\u00e9dier une commande.<\/span><\/p>\n<p><span>\u00c0 moins que vous ne nous demandiez de ne pas le faire, nous pourrons vous contacter par courrier \u00e9lectronique \u00e0 l&rsquo;avenir pour vous informer de promotions, de nouveaux produits ou services, ou de modifications apport\u00e9es \u00e0 la pr\u00e9sente politique de confidentialit\u00e9.<\/span><\/p>\n<p><span>VOTRE ACC\u00c8S ET VOTRE CONTR\u00d4LE SUR LES INFORMATIONS<\/span><\/p>\n<p><span>Vous pouvez \u00e0 tout moment refuser tout contact ult\u00e9rieur de notre part. Vous pouvez le faire \u00e0 tout moment en nous contactant \u00e0 l&rsquo;adresse \u00e9lectronique ou au num\u00e9ro de t\u00e9l\u00e9phone indiqu\u00e9s sur notre site web :<\/span><\/p>\n<p><span>consulter les donn\u00e9es que nous d\u00e9tenons \u00e0 votre sujet, le cas \u00e9ch\u00e9ant<\/span><\/p>\n<p><span>Modifier\/corriger les donn\u00e9es que nous d\u00e9tenons \u00e0 votre sujet.<\/span><\/p>\n<p><span>Nous demander de supprimer les donn\u00e9es que nous d\u00e9tenons \u00e0 votre sujet.<\/span><\/p>\n<p><span>Exprimer toute pr\u00e9occupation concernant l&rsquo;utilisation que nous faisons de vos donn\u00e9es.<\/span><\/p>\n<p><span>S\u00c9CURIT\u00c9<\/span><\/p>\n<p><span>Nous prenons des pr\u00e9cautions pour prot\u00e9ger vos informations. Lorsque vous soumettez des informations sensibles via le site web, celles-ci sont prot\u00e9g\u00e9es \u00e0 la fois en ligne et hors ligne.<\/span><\/p>\n<p><span>Chaque fois que nous recueillons des informations sensibles (comme les donn\u00e9es d&rsquo;une carte de cr\u00e9dit), ces informations sont crypt\u00e9es et nous sont transmises de mani\u00e8re s\u00e9curis\u00e9e. Vous pouvez vous en assurer en recherchant l&rsquo;ic\u00f4ne d&rsquo;un cadenas ferm\u00e9 en bas de votre navigateur web, ou en recherchant \u00a0\u00bb https \u00a0\u00bb au d\u00e9but de l&rsquo;adresse de la page web.<\/span><\/p>\n<p><span>Bien que nous utilisions le cryptage pour prot\u00e9ger les informations sensibles transmises en ligne, nous prot\u00e9geons \u00e9galement vos informations hors ligne. Seuls les employ\u00e9s qui ont besoin de ces informations pour effectuer un travail sp\u00e9cifique (par exemple, la facturation ou le service client\u00e8le) ont acc\u00e8s aux informations personnelles identifiables. Les ordinateurs\/serveurs dans lesquels nous stockons les informations personnellement identifiables sont conserv\u00e9s dans un environnement s\u00e9curis\u00e9.<\/span><\/p>\n<p><span>Si vous estimez que nous ne respectons pas cette politique de confidentialit\u00e9, vous devez nous contacter imm\u00e9diatement par t\u00e9l\u00e9phone au (613) 738-2775 ou par courriel.<\/span><\/p>\n<p>[\/et_pb_text][\/et_pb_column][\/et_pb_row][\/et_pb_section]<\/p>\n","protected":false},"excerpt":{"rendered":"<p>Equipment Replacement PolicyLe pr\u00e9sent avis de confidentialit\u00e9 d\u00e9crit les pratiques en mati\u00e8re de protection de la vie priv\u00e9e sur le site www.LacombeLSC.com. Cet avis de confidentialit\u00e9 s&rsquo;applique uniquement aux informations collect\u00e9es par ce site web. Il vous informe des points suivants : Quelles informations personnelles identifiables sont collect\u00e9es aupr\u00e8s de vous par le biais du [&hellip;]<\/p>\n","protected":false},"author":2,"featured_media":0,"parent":0,"menu_order":0,"comment_status":"closed","ping_status":"closed","template":"","meta":{"_et_pb_use_builder":"on","_et_pb_old_content":"","_et_gb_content_width":"","content-type":"","footnotes":""},"class_list":["post-651","page","type-page","status-publish","hentry"],"featured_image_src":null,"featured_image_src_square":null,"_links":{"self":[{"href":"https:\/\/lacombelsc.com\/fr\/wp-json\/wp\/v2\/pages\/651","targetHints":{"allow":["GET"]}}],"collection":[{"href":"https:\/\/lacombelsc.com\/fr\/wp-json\/wp\/v2\/pages"}],"about":[{"href":"https:\/\/lacombelsc.com\/fr\/wp-json\/wp\/v2\/types\/page"}],"author":[{"embeddable":true,"href":"https:\/\/lacombelsc.com\/fr\/wp-json\/wp\/v2\/users\/2"}],"replies":[{"embeddable":true,"href":"https:\/\/lacombelsc.com\/fr\/wp-json\/wp\/v2\/comments?post=651"}],"version-history":[{"count":0,"href":"https:\/\/lacombelsc.com\/fr\/wp-json\/wp\/v2\/pages\/651\/revisions"}],"wp:attachment":[{"href":"https:\/\/lacombelsc.com\/fr\/wp-json\/wp\/v2\/media?parent=651"}],"curies":[{"name":"wp","href":"https:\/\/api.w.org\/{rel}","templated":true}]}}