{"id":696,"date":"2023-10-05T19:59:20","date_gmt":"2023-10-05T19:59:20","guid":{"rendered":"https:\/\/lacombelsc.wpenginepowered.com\/?page_id=696"},"modified":"2025-12-09T21:58:26","modified_gmt":"2025-12-09T21:58:26","slug":"demande-de-devis-vidange-de-fosse-septique","status":"publish","type":"page","link":"https:\/\/lacombelsc.com\/fr\/demande-de-devis-vidange-de-fosse-septique\/","title":{"rendered":"Demande de devis &#8211; Vidange de fosse septique"},"content":{"rendered":"<p>[et_pb_section fb_built=\u00a0\u00bb1&Prime; _builder_version=\u00a0\u00bb4.22.1&Prime; _module_preset=\u00a0\u00bbdefault\u00a0\u00bb global_colors_info=\u00a0\u00bb{}\u00a0\u00bb][et_pb_row _builder_version=\u00a0\u00bb4.22.1&Prime; _module_preset=\u00a0\u00bbdefault\u00a0\u00bb global_colors_info=\u00a0\u00bb{}\u00a0\u00bb][et_pb_column type=\u00a0\u00bb4_4&Prime; _builder_version=\u00a0\u00bb4.22.1&Prime; _module_preset=\u00a0\u00bbdefault\u00a0\u00bb global_colors_info=\u00a0\u00bb{}\u00a0\u00bb][et_pb_heading title=\u00a0\u00bbDemande de devis &#8211; Vidange de fosse septique\u00a0\u00bb _builder_version=\u00a0\u00bb4.22.2&Prime; _module_preset=\u00a0\u00bbdefault\u00a0\u00bb title_text_color=\u00a0\u00bb#3774c3&Prime; global_colors_info=\u00a0\u00bb{}\u00a0\u00bb][\/et_pb_heading][et_pb_text _builder_version=\u00a0\u00bb4.27.5&Prime; _module_preset=\u00a0\u00bbdefault\u00a0\u00bb hover_enabled=\u00a0\u00bb0&Prime; global_colors_info=\u00a0\u00bb{}\u00a0\u00bb sticky_enabled=\u00a0\u00bb0&Prime;]<span>Veuillez remplir le formulaire suivant et nous r\u00e9pondrons \u00e0 votre demande dans les 24 heures ouvrables.<\/span><\/p>\n<h3><span>Veuillez compl\u00e9ter le formulaire ci-dessous<\/span><\/h3>\n<p><script src=\"https:\/\/js.hsforms.net\/forms\/embed\/46445616.js\" defer=\"defer\"><\/script><\/p>\n<div class=\"hs-form-frame\" data-region=\"na1\" data-form-id=\"f1c242fc-b40d-4669-84a0-ccd983655f6b\" data-portal-id=\"46445616\"><\/div>\n<p>[\/et_pb_text][\/et_pb_column][\/et_pb_row][\/et_pb_section]<\/p>\n","protected":false},"excerpt":{"rendered":"<p>Veuillez remplir le formulaire suivant et nous r\u00e9pondrons \u00e0 votre demande dans les 24 heures ouvrables. Veuillez compl\u00e9ter le formulaire ci-dessous<\/p>\n","protected":false},"author":4,"featured_media":0,"parent":0,"menu_order":0,"comment_status":"closed","ping_status":"closed","template":"","meta":{"_et_pb_use_builder":"on","_et_pb_old_content":"","_et_gb_content_width":"","content-type":"","footnotes":""},"class_list":["post-696","page","type-page","status-publish","hentry"],"featured_image_src":null,"featured_image_src_square":null,"_links":{"self":[{"href":"https:\/\/lacombelsc.com\/fr\/wp-json\/wp\/v2\/pages\/696","targetHints":{"allow":["GET"]}}],"collection":[{"href":"https:\/\/lacombelsc.com\/fr\/wp-json\/wp\/v2\/pages"}],"about":[{"href":"https:\/\/lacombelsc.com\/fr\/wp-json\/wp\/v2\/types\/page"}],"author":[{"embeddable":true,"href":"https:\/\/lacombelsc.com\/fr\/wp-json\/wp\/v2\/users\/4"}],"replies":[{"embeddable":true,"href":"https:\/\/lacombelsc.com\/fr\/wp-json\/wp\/v2\/comments?post=696"}],"version-history":[{"count":0,"href":"https:\/\/lacombelsc.com\/fr\/wp-json\/wp\/v2\/pages\/696\/revisions"}],"wp:attachment":[{"href":"https:\/\/lacombelsc.com\/fr\/wp-json\/wp\/v2\/media?parent=696"}],"curies":[{"name":"wp","href":"https:\/\/api.w.org\/{rel}","templated":true}]}}