{"id":822,"date":"2023-12-01T18:49:16","date_gmt":"2023-12-01T18:49:16","guid":{"rendered":"https:\/\/rfs001.local\/?page_id=822"},"modified":"2024-01-18T12:36:17","modified_gmt":"2024-01-18T12:36:17","slug":"static-non-flush-2","status":"publish","type":"page","link":"https:\/\/lacombelsc.com\/fr\/nos-produits\/static-non-flush-2\/","title":{"rendered":"Statique non affleurant Rose"},"content":{"rendered":"<p>[et_pb_section fb_built=\u00a0\u00bb1&Prime; _builder_version=\u00a0\u00bb4.22.1&Prime; _module_preset=\u00a0\u00bbdefault\u00a0\u00bb global_colors_info=\u00a0\u00bb{}\u00a0\u00bb][et_pb_row _builder_version=\u00a0\u00bb4.22.1&Prime; _module_preset=\u00a0\u00bbdefault\u00a0\u00bb global_colors_info=\u00a0\u00bb{}\u00a0\u00bb][et_pb_column type=\u00a0\u00bb4_4&Prime; _builder_version=\u00a0\u00bb4.22.1&Prime; _module_preset=\u00a0\u00bbdefault\u00a0\u00bb global_colors_info=\u00a0\u00bb{}\u00a0\u00bb][et_pb_heading title=\u00a0\u00bbStatique non affleurant Pink\u00a0\u00bb _builder_version=\u00a0\u00bb4.23.1&Prime; _module_preset=\u00a0\u00bbdefault\u00a0\u00bb title_text_align=\u00a0\u00bbcenter\u00a0\u00bb title_text_color=\u00a0\u00bb#3774c3&Prime; title_font_size=\u00a0\u00bb40px\u00a0\u00bb global_colors_info=\u00a0\u00bb{}\u00a0\u00bb][\/et_pb_heading][et_pb_heading title=\u00a0\u00bb\u00ab\u2009Parfait pour la plupart des \u00e9v\u00e8nements sp\u00e9ciaux et des chantiers de construction.\u2009\u00bb\u00a0\u00bb _builder_version=\u00a0\u00bb4.23.1&Prime; _module_preset=\u00a0\u00bbdefault\u00a0\u00bb title_text_align=\u00a0\u00bbcenter\u00a0\u00bb custom_padding=\u00a0\u00bb0px|||||\u00a0\u00bb global_colors_info=\u00a0\u00bb{}\u00a0\u00bb][\/et_pb_heading][\/et_pb_column][\/et_pb_row][et_pb_row column_structure=\u00a0\u00bb2_3,1_3&Prime; _builder_version=\u00a0\u00bb4.22.1&Prime; _module_preset=\u00a0\u00bbdefault\u00a0\u00bb global_colors_info=\u00a0\u00bb{}\u00a0\u00bb][et_pb_column type=\u00a0\u00bb2_3&Prime; _builder_version=\u00a0\u00bb4.22.1&Prime; _module_preset=\u00a0\u00bbdefault\u00a0\u00bb global_colors_info=\u00a0\u00bb{}\u00a0\u00bb][et_pb_text _builder_version=\u00a0\u00bb4.22.1&Prime; _module_preset=\u00a0\u00bbdefault\u00a0\u00bb global_colors_info=\u00a0\u00bb{}\u00a0\u00bb]<\/p>\n<p>Toutes les unit\u00e9s propos\u00e9es par Lacombe \u00e9tablissent la norme de l\u2019industrie en mati\u00e8re de facilit\u00e9 d\u2019utilisation et de qualit\u00e9 de construction. Notre toilette chimique standard continue d\u2019\u00eatre un mod\u00e8le de r\u00e9f\u00e9rence en mati\u00e8re d\u2019utilit\u00e9 et de qualit\u00e9. Elle convient autant aux chantiers de construction qu\u2019aux \u00e9v\u00e8nements sp\u00e9ciaux.<\/p>\n<p>Cette toilette chimique comporte une toilette et un urinoir. Pour les \u00e9v\u00e8nements sp\u00e9ciaux, nous offrons la possibilit\u00e9 de la combiner \u00e0 une station de d\u00e9sinfectant pour les mains ou \u00e0 l\u2019une de nos stations de lavage des mains pour un environnement plus hygi\u00e9nique.<\/p>\n<p>Pour les travaux en hauteur, la toilette chimique standard peut \u00eatre \u00e9quip\u00e9e d\u2019une \u00e9lingue pour permettre le levage par grue.<\/p>\n<p>L\u2019entretien est effectu\u00e9 sur le site par nos techniciens qualifi\u00e9s et comprend le nettoyage des toilettes, la vidange des eaux us\u00e9es et le r\u00e9approvisionnement en produits sanitaires si n\u00e9cessaire. Nous proposons des intervalles d\u2019entretien flexibles qui s\u2019adaptent \u00e0 votre horaire, qu\u2019ils soient quotidiens, hebdomadaires, mensuels ou autre. Nos techniciens documentent toutes leurs interventions pour que vous puissiez en prendre connaissance \u00e0 votre convenance.<\/p>\n<p>[\/et_pb_text][\/et_pb_column][et_pb_column type=\u00a0\u00bb1_3&Prime; _builder_version=\u00a0\u00bb4.22.1&Prime; _module_preset=\u00a0\u00bbdefault\u00a0\u00bb global_colors_info=\u00a0\u00bb{}\u00a0\u00bb][et_pb_image src=\u00a0\u00bbhttps:\/\/lacombelsc.com\/wp-content\/uploads\/2023\/10\/Static-non-flush-Pink-1-768&#215;1024.jpg\u00a0\u00bb title_text=\u00a0\u00bbStatique non affleurant Rose\u00a0\u00bb align=\u00a0\u00bbcenter\u00a0\u00bb _builder_version=\u00a0\u00bb4.23.1&Prime; _module_preset=\u00a0\u00bbdefault\u00a0\u00bb global_colors_info=\u00a0\u00bb{}\u00a0\u00bb][\/et_pb_image][\/et_pb_column][\/et_pb_row][et_pb_row _builder_version=\u00a0\u00bb4.22.1&Prime; _module_preset=\u00a0\u00bbdefault\u00a0\u00bb global_colors_info=\u00a0\u00bb{}\u00a0\u00bb][et_pb_column type=\u00a0\u00bb4_4&Prime; _builder_version=\u00a0\u00bb4.22.1&Prime; _module_preset=\u00a0\u00bbdefault\u00a0\u00bb global_colors_info=\u00a0\u00bb{}\u00a0\u00bb][et_pb_gallery orientation=\u00a0\u00bbportrait\u00a0\u00bb show_title_and_caption=\u00a0\u00bboff\u00a0\u00bb show_pagination=\u00a0\u00bboff\u00a0\u00bb _builder_version=\u00a0\u00bb4.23.4&Prime; _module_preset=\u00a0\u00bbdefault\u00a0\u00bb hover_enabled=\u00a0\u00bb0&Prime; border_radii_image=\u00a0\u00bbon|5px|5px|5px|5px\u00a0\u00bb global_colors_info=\u00a0\u00bb{}\u00a0\u00bb gallery_ids=\u00a0\u00bb765,858&Prime; sticky_enabled=\u00a0\u00bb0&Prime;][\/et_pb_gallery][\/et_pb_column][\/et_pb_row][et_pb_row column_structure=\u00a0\u00bb1_2,1_2&Prime; _builder_version=\u00a0\u00bb4.22.1&Prime; _module_preset=\u00a0\u00bbdefault\u00a0\u00bb global_colors_info=\u00a0\u00bb{}\u00a0\u00bb][et_pb_column type=\u00a0\u00bb1_2&Prime; _builder_version=\u00a0\u00bb4.22.1&Prime; _module_preset=\u00a0\u00bbdefault\u00a0\u00bb global_colors_info=\u00a0\u00bb{}\u00a0\u00bb][et_pb_text _builder_version=\u00a0\u00bb4.22.1&Prime; _module_preset=\u00a0\u00bbdefault\u00a0\u00bb global_colors_info=\u00a0\u00bb{}\u00a0\u00bb]<\/p>\n<p>DIMENSIONS<\/p>\n<ul>\n<li>Ext\u00e9rieur\u00a0: 43,5\u00a0po x 47\u00a0po x 91\u00a0po<\/li>\n<li>Poids\u00a0: 189\u00a0lb<\/li>\n<li>R\u00e9servoir d\u2019eaux us\u00e9es\u00a0: 50\u00a0gal<\/li>\n<\/ul>\n<p>\u00c9QUIPEMENT INCLUS<\/p>\n<ul>\n<li>Toilette s\u00e8che avec si\u00e8ge<\/li>\n<li>Urinoir surdimensionn\u00e9 pour le maintien de la propret\u00e9<\/li>\n<li>D\u00e9sinfectant pour les mains<\/li>\n<\/ul>\n<p>HIVER<\/p>\n<ul>\n<li>Ajout d\u2019une solution saline afin d\u2019\u00e9viter le gel<\/li>\n<\/ul>\n<ul><\/ul>\n<p>[\/et_pb_text][\/et_pb_column][et_pb_column type=\u00a0\u00bb1_2&Prime; _builder_version=\u00a0\u00bb4.22.1&Prime; _module_preset=\u00a0\u00bbdefault\u00a0\u00bb global_colors_info=\u00a0\u00bb{}\u00a0\u00bb][et_pb_text _builder_version=\u00a0\u00bb4.22.1&Prime; _module_preset=\u00a0\u00bbdefault\u00a0\u00bb global_colors_info=\u00a0\u00bb{}\u00a0\u00bb]<\/p>\n<p>REMARQUES<\/p>\n<ul>\n<li>Unit\u00e9 fixe sans chasse d\u2019eau<\/li>\n<li>Porte haute<\/li>\n<li>Montant de porte en aluminium trait\u00e9 thermiquement et con\u00e7u pour r\u00e9sister aux chocs frontaux<\/li>\n<li>\u00c9vents en angle pour emp\u00eacher la pluie d\u2019entrer dans la toilette<\/li>\n<li>Orifice d\u2019\u00e9chappement entre le r\u00e9servoir et l\u2019ext\u00e9rieur pour limiter les odeurs dans la toilette<\/li>\n<\/ul>\n<p>SERVICES INCLUS<\/p>\n<ul>\n<li>Vidange des eaux us\u00e9es<\/li>\n<li>R\u00e9approvisionnement du d\u00e9sinfectant \u00e0 main<\/li>\n<li>Nettoyage des toilettes et du sol<\/li>\n<li>Le client est responsable de la gestion des ordures<\/li>\n<\/ul>\n<ul><\/ul>\n<p>[\/et_pb_text][\/et_pb_column][\/et_pb_row][\/et_pb_section]<\/p>\n","protected":false},"excerpt":{"rendered":"<p>Toutes les unit\u00e9s propos\u00e9es par Lacombe \u00e9tablissent la norme de l\u2019industrie en mati\u00e8re de facilit\u00e9 d\u2019utilisation et de qualit\u00e9 de construction. Notre toilette chimique standard continue d\u2019\u00eatre un mod\u00e8le de r\u00e9f\u00e9rence en mati\u00e8re d\u2019utilit\u00e9 et de qualit\u00e9. Elle convient autant aux chantiers de construction qu\u2019aux \u00e9v\u00e8nements sp\u00e9ciaux. Cette toilette chimique comporte une toilette et un [&hellip;]<\/p>\n","protected":false},"author":4,"featured_media":0,"parent":594,"menu_order":0,"comment_status":"closed","ping_status":"closed","template":"","meta":{"_et_pb_use_builder":"on","_et_pb_old_content":"","_et_gb_content_width":"","content-type":"","footnotes":""},"class_list":["post-822","page","type-page","status-publish","hentry"],"featured_image_src":null,"featured_image_src_square":null,"_links":{"self":[{"href":"https:\/\/lacombelsc.com\/fr\/wp-json\/wp\/v2\/pages\/822","targetHints":{"allow":["GET"]}}],"collection":[{"href":"https:\/\/lacombelsc.com\/fr\/wp-json\/wp\/v2\/pages"}],"about":[{"href":"https:\/\/lacombelsc.com\/fr\/wp-json\/wp\/v2\/types\/page"}],"author":[{"embeddable":true,"href":"https:\/\/lacombelsc.com\/fr\/wp-json\/wp\/v2\/users\/4"}],"replies":[{"embeddable":true,"href":"https:\/\/lacombelsc.com\/fr\/wp-json\/wp\/v2\/comments?post=822"}],"version-history":[{"count":0,"href":"https:\/\/lacombelsc.com\/fr\/wp-json\/wp\/v2\/pages\/822\/revisions"}],"up":[{"embeddable":true,"href":"https:\/\/lacombelsc.com\/fr\/wp-json\/wp\/v2\/pages\/594"}],"wp:attachment":[{"href":"https:\/\/lacombelsc.com\/fr\/wp-json\/wp\/v2\/media?parent=822"}],"curies":[{"name":"wp","href":"https:\/\/api.w.org\/{rel}","templated":true}]}}